{"id":3302,"date":"2022-09-01T18:19:13","date_gmt":"2022-09-01T23:19:13","guid":{"rendered":"http:\/\/www.idtingenieros.com\/?page_id=3302"},"modified":"2022-10-24T17:17:37","modified_gmt":"2022-10-24T22:17:37","slug":"cementos-yura","status":"publish","type":"page","link":"https:\/\/www.idtingenieros.com\/en\/cementos-yura\/","title":{"rendered":"Cementos Yura"},"content":{"rendered":"<div data-elementor-type=\"wp-page\" data-elementor-id=\"3302\" class=\"elementor elementor-3302\">\n\t\t\t\t\t\t<div class=\"elementor-inner\">\n\t\t\t\t<div class=\"elementor-section-wrap\">\n\t\t\t\t\t\t\t\n\t\t<script type=\"text\/javascript\">\n\t\t\tjQuery(document).ready(function() {\n\t\t\t\tjQuery(\".elementor-element-c731a49\").prepend('<div ' +\n\t\t\t\t\t'class=\"ma-el-section-bs\"><div' +\n\t\t\t\t\t' class=\"ma-el-section-bs-inner\"><\/div><\/div>');\n\t\t\t\tvar bgimage = '';\n\t\t\t\tif ('' == 'yes') {\n\n\t\t\t\t\t\/\/if(bgimage == ''){\n\t\t\t\t\t\/\/    var bgoverlay = '';\n\t\t\t\t\t\/\/}else{\n\t\t\t\t\tvar bgoverlay = 'https:\/\/www.idtingenieros.com\/wp-content\/plugins\/master-addons-pro\/assets\/vendor\/vegas\/overlays\/00.png';\n\t\t\t\t\t\/\/ }\n\t\t\t\t} else {\n\t\t\t\t\tif ('') {\n\t\t\t\t\t\tvar bgoverlay = 'https:\/\/www.idtingenieros.com\/wp-content\/plugins\/master-addons-pro\/assets\/vendor\/vegas\/overlays\/01.png';\n\t\t\t\t\t} else {\n\t\t\t\t\t\tvar bgoverlay = 'https:\/\/www.idtingenieros.com\/wp-content\/plugins\/master-addons-pro\/assets\/vendor\/vegas\/overlays\/00.png';\n\t\t\t\t\t}\n\t\t\t\t}\n\n\n\t\t\t\tjQuery(\".elementor-element-c731a49\").children('.ma-el-section-bs').children('' +\n\t\t\t\t\t'.ma-el-section-bs-inner').vegas({\n\t\t\t\t\tslides: [{\"src\":\"https:\\\/\\\/www.idtingenieros.com\\\/wp-content\\\/uploads\\\/2022\\\/07\\\/argos-480x640.png\"}],\n\t\t\t\t\ttransition: 'fade',\n\t\t\t\t\tanimation: 'kenburns',\n\t\t\t\t\toverlay: bgoverlay,\n\t\t\t\t\tcover: true,\n\t\t\t\t\tdelay: 5000,\n\t\t\t\t\ttimer: true\t\t\t\t});\n\t\t\t\tif ('' == 'yes') {\n\t\t\t\t\tjQuery(\".elementor-element-c731a49\").children('.ma-el-section-bs')\n\t\t\t\t\t\t.children('.ma-el-section-bs-inner').children('.vegas-overlay').css('background-image', '');\n\t\t\t\t}\n\t\t\t});\n\t\t<\/script>\n\t\t\t<section class=\"has_ma_el_bg_slider elementor-section elementor-top-section elementor-element elementor-element-c731a49 elementor-section-height-min-height elementor-section-boxed elementor-section-height-default elementor-section-items-middle jltma-glass-effect-no\" data-id=\"c731a49\" data-element_type=\"section\" data-settings=\"{&quot;background_background&quot;:&quot;classic&quot;}\">\n\t\t\t\t\t\t\t<div class=\"elementor-background-overlay\"><\/div>\n\t\t\t\t\t\t\t<div class=\"elementor-container elementor-column-gap-default\">\n\t\t\t\t\t\t\t<div class=\"elementor-row\">\n\t\t\t\t\t<div class=\"has_ma_el_bg_slider elementor-column elementor-col-100 elementor-top-column elementor-element elementor-element-a8b3a99 jltma-glass-effect-no\" data-id=\"a8b3a99\" data-element_type=\"column\">\n\t\t\t<div class=\"elementor-column-wrap\">\n\t\t\t\t\t\t\t<div class=\"elementor-widget-wrap\">\n\t\t\t\t\t\t\t\t<\/div>\n\t\t\t\t\t<\/div>\n\t\t<\/div>\n\t\t\t\t\t\t\t\t<\/div>\n\t\t\t\t\t<\/div>\n\t\t<\/section>\n\t\t\t\t<section class=\"has_ma_el_bg_slider elementor-section elementor-top-section elementor-element elementor-element-a91df98 elementor-section-boxed elementor-section-height-default elementor-section-height-default jltma-glass-effect-no\" data-id=\"a91df98\" data-element_type=\"section\">\n\t\t\t\t\t\t<div class=\"elementor-container elementor-column-gap-default\">\n\t\t\t\t\t\t\t<div class=\"elementor-row\">\n\t\t\t\t\t<div class=\"has_ma_el_bg_slider elementor-column elementor-col-100 elementor-top-column elementor-element elementor-element-1405a30 jltma-glass-effect-no\" data-id=\"1405a30\" data-element_type=\"column\">\n\t\t\t<div class=\"elementor-column-wrap elementor-element-populated\">\n\t\t\t\t\t\t\t<div class=\"elementor-widget-wrap\">\n\t\t\t\t\t\t<div class=\"elementor-element elementor-element-694ac89 jltma-glass-effect-no elementor-widget elementor-widget-heading\" data-id=\"694ac89\" data-element_type=\"widget\" data-widget_type=\"heading.default\">\n\t\t\t\t<div class=\"elementor-widget-container\">\n\t\t\t<h2 class=\"elementor-heading-title elementor-size-default\">CEMENTOS YURA<\/h2>\t\t<\/div>\n\t\t\t\t<\/div>\n\t\t\t\t\t\t<\/div>\n\t\t\t\t\t<\/div>\n\t\t<\/div>\n\t\t\t\t\t\t\t\t<\/div>\n\t\t\t\t\t<\/div>\n\t\t<\/section>\n\t\t\t\t<section class=\"has_ma_el_bg_slider elementor-section elementor-top-section elementor-element elementor-element-38f877f elementor-section-boxed elementor-section-height-default elementor-section-height-default jltma-glass-effect-no\" data-id=\"38f877f\" data-element_type=\"section\">\n\t\t\t\t\t\t<div class=\"elementor-container elementor-column-gap-default\">\n\t\t\t\t\t\t\t<div class=\"elementor-row\">\n\t\t\t\t\t<div class=\"has_ma_el_bg_slider elementor-column elementor-col-100 elementor-top-column elementor-element elementor-element-6dee741 jltma-glass-effect-no\" data-id=\"6dee741\" data-element_type=\"column\">\n\t\t\t<div class=\"elementor-column-wrap elementor-element-populated\">\n\t\t\t\t\t\t\t<div class=\"elementor-widget-wrap\">\n\t\t\t\t\t\t<div class=\"elementor-element elementor-element-358834f jltma-glass-effect-no elementor-widget elementor-widget-premium-img-gallery\" data-id=\"358834f\" data-element_type=\"widget\" data-settings=\"{&quot;premium_gallery_img_content&quot;:[{&quot;premium_gallery_img_category&quot;:&quot;Category 1&quot;,&quot;_id&quot;:&quot;b4a2617&quot;,&quot;premium_gallery_img&quot;:{&quot;url&quot;:&quot;http:\\\/\\\/www.idtingenieros.com\\\/wp-content\\\/uploads\\\/2022\\\/09\\\/building-2933226_1920.jpg&quot;,&quot;id&quot;:3318,&quot;alt&quot;:&quot;&quot;,&quot;source&quot;:&quot;library&quot;},&quot;premium_gallery_image_vcell&quot;:{&quot;unit&quot;:&quot;px&quot;,&quot;size&quot;:5,&quot;sizes&quot;:[]},&quot;premium_gallery_image_cell&quot;:{&quot;unit&quot;:&quot;px&quot;,&quot;size&quot;:4,&quot;sizes&quot;:[]},&quot;premium_gallery_image_cell_tablet&quot;:{&quot;unit&quot;:&quot;px&quot;,&quot;size&quot;:&quot;&quot;,&quot;sizes&quot;:[]},&quot;premium_gallery_image_cell_mobile&quot;:{&quot;unit&quot;:&quot;px&quot;,&quot;size&quot;:&quot;&quot;,&quot;sizes&quot;:[]},&quot;premium_gallery_image_vcell_tablet&quot;:{&quot;unit&quot;:&quot;px&quot;,&quot;size&quot;:&quot;&quot;,&quot;sizes&quot;:[]},&quot;premium_gallery_image_vcell_mobile&quot;:{&quot;unit&quot;:&quot;px&quot;,&quot;size&quot;:&quot;&quot;,&quot;sizes&quot;:[]},&quot;premium_gallery_video&quot;:&quot;&quot;,&quot;premium_gallery_video_type&quot;:null,&quot;premium_gallery_video_url&quot;:null,&quot;premium_gallery_video_self&quot;:null,&quot;premium_gallery_video_self_url&quot;:null,&quot;premium_gallery_video_controls&quot;:null,&quot;premium_gallery_video_mute&quot;:null,&quot;premium_gallery_video_loop&quot;:null,&quot;privacy_mode&quot;:null,&quot;premmium_gallery_img_info&quot;:&quot;&quot;,&quot;premium_gallery_img_name&quot;:&quot;&quot;,&quot;premium_gallery_img_desc&quot;:&quot;&quot;,&quot;premium_gallery_img_link_type&quot;:&quot;url&quot;,&quot;premium_gallery_img_link&quot;:{&quot;url&quot;:&quot;&quot;,&quot;is_external&quot;:&quot;&quot;,&quot;nofollow&quot;:&quot;&quot;,&quot;custom_attributes&quot;:&quot;&quot;},&quot;premium_gallery_img_existing&quot;:null,&quot;premium_gallery_link_whole&quot;:&quot;&quot;,&quot;premium_gallery_lightbox_whole&quot;:&quot;&quot;},{&quot;_id&quot;:&quot;8726b28&quot;,&quot;premium_gallery_img&quot;:{&quot;url&quot;:&quot;http:\\\/\\\/www.idtingenieros.com\\\/wp-content\\\/uploads\\\/2022\\\/09\\\/construction-2619702_1920.jpg&quot;,&quot;id&quot;:3319,&quot;alt&quot;:&quot;&quot;,&quot;source&quot;:&quot;library&quot;},&quot;premium_gallery_image_cell&quot;:{&quot;unit&quot;:&quot;px&quot;,&quot;size&quot;:4,&quot;sizes&quot;:[]},&quot;premium_gallery_image_cell_tablet&quot;:{&quot;unit&quot;:&quot;px&quot;,&quot;size&quot;:&quot;&quot;,&quot;sizes&quot;:[]},&quot;premium_gallery_image_cell_mobile&quot;:{&quot;unit&quot;:&quot;px&quot;,&quot;size&quot;:&quot;&quot;,&quot;sizes&quot;:[]},&quot;premium_gallery_image_vcell&quot;:{&quot;unit&quot;:&quot;px&quot;,&quot;size&quot;:4,&quot;sizes&quot;:[]},&quot;premium_gallery_image_vcell_tablet&quot;:{&quot;unit&quot;:&quot;px&quot;,&quot;size&quot;:&quot;&quot;,&quot;sizes&quot;:[]},&quot;premium_gallery_image_vcell_mobile&quot;:{&quot;unit&quot;:&quot;px&quot;,&quot;size&quot;:&quot;&quot;,&quot;sizes&quot;:[]},&quot;premium_gallery_video&quot;:&quot;&quot;,&quot;premium_gallery_video_type&quot;:null,&quot;premium_gallery_video_url&quot;:null,&quot;premium_gallery_video_self&quot;:null,&quot;premium_gallery_video_self_url&quot;:null,&quot;premium_gallery_video_controls&quot;:null,&quot;premium_gallery_video_mute&quot;:null,&quot;premium_gallery_video_loop&quot;:null,&quot;privacy_mode&quot;:null,&quot;premmium_gallery_img_info&quot;:&quot;&quot;,&quot;premium_gallery_img_name&quot;:&quot;&quot;,&quot;premium_gallery_img_desc&quot;:&quot;&quot;,&quot;premium_gallery_img_category&quot;:&quot;&quot;,&quot;premium_gallery_img_link_type&quot;:&quot;url&quot;,&quot;premium_gallery_img_link&quot;:{&quot;url&quot;:&quot;&quot;,&quot;is_external&quot;:&quot;&quot;,&quot;nofollow&quot;:&quot;&quot;,&quot;custom_attributes&quot;:&quot;&quot;},&quot;premium_gallery_img_existing&quot;:null,&quot;premium_gallery_link_whole&quot;:&quot;&quot;,&quot;premium_gallery_lightbox_whole&quot;:&quot;&quot;}]}\" data-widget_type=\"premium-img-gallery.default\">\n\t\t\t\t<div class=\"elementor-widget-container\">\n\t\t\t\r\n\t<div id=\"premium-img-gallery-358834f\" class=\"elementor-invisible premium-img-gallery premium-img-gallery-fitRows zoomin premium-gallery-icon-show\">\r\n\t\t\r\n\t\t<div class=\"premium-gallery-container\" data-settings=\"{&quot;img_size&quot;:&quot;fitRows&quot;,&quot;filter&quot;:&quot;&quot;,&quot;theme&quot;:&quot;pp_default&quot;,&quot;active_cat&quot;:&quot;*&quot;,&quot;ltr_mode&quot;:true,&quot;shuffle&quot;:false,&quot;sort_by&quot;:&quot;original-order&quot;,&quot;skin&quot;:&quot;style3&quot;,&quot;light_box&quot;:&quot;yes&quot;,&quot;lightbox_type&quot;:&quot;default&quot;,&quot;overlay&quot;:false}\">\r\n\r\n\t\t\t\t\t\t\t<div class=\"premium-gallery-item elementor-repeater-item-b4a2617 category-1\">\r\n\t\t\t\t<div class=\"pa-gallery-img style3\" onclick=\"\">\r\n\t\t\t\t\t<div class=\"pa-gallery-img-container\">\r\n\t\t\t\t\t\t\t\t<img width=\"1920\" height=\"1280\" src=\"https:\/\/www.idtingenieros.com\/wp-content\/uploads\/2022\/09\/building-2933226_1920.jpg\" class=\"attachment-full size-full\" alt=\"\" loading=\"lazy\" \/>\t\t\t\t\t\t\t\t\t<div class=\"pa-gallery-icons-wrapper\">\r\n\t\t\t\t\t\t\t\t<div class=\"pa-gallery-icons-inner-container\">\r\n\t\t\t\t\t\t\t\t\t\r\n\t\t\t\t\t<a class=\"pa-gallery-magnific-image\" href=\"http:\/\/www.idtingenieros.com\/wp-content\/uploads\/2022\/09\/building-2933226_1920.jpg\" data-rel=\"prettyPhoto[premium-grid-358834f]\">\r\n\t\t\t\t\t\t<span>\r\n\t\t\t\t\t\t\t<i aria-hidden=\"true\" class=\"fas fa-search\"><\/i>\t\t\t\t\t\t<\/span>\r\n\t\t\t\t\t<\/a>\r\n\t\t\t\t\t\t\t\t\t\t\t\t<\/div>\r\n\t\t\t\t\t\t\t<\/div>\r\n\t\t\t\t\t\t\t\t\t\t\t<\/div>\r\n\t\t\t\t\t\t\t\t\t<\/div>\r\n\t\t\t<\/div>\r\n\t\t\t\t\t\t\t<div class=\"premium-gallery-item elementor-repeater-item-8726b28\">\r\n\t\t\t\t<div class=\"pa-gallery-img style3\" onclick=\"\">\r\n\t\t\t\t\t<div class=\"pa-gallery-img-container\">\r\n\t\t\t\t\t\t\t\t<img width=\"1920\" height=\"1280\" src=\"https:\/\/www.idtingenieros.com\/wp-content\/uploads\/2022\/09\/construction-2619702_1920.jpg\" class=\"attachment-full size-full\" alt=\"\" loading=\"lazy\" \/>\t\t\t\t\t\t\t\t\t<div class=\"pa-gallery-icons-wrapper\">\r\n\t\t\t\t\t\t\t\t<div class=\"pa-gallery-icons-inner-container\">\r\n\t\t\t\t\t\t\t\t\t\r\n\t\t\t\t\t<a class=\"pa-gallery-magnific-image\" href=\"http:\/\/www.idtingenieros.com\/wp-content\/uploads\/2022\/09\/construction-2619702_1920.jpg\" data-rel=\"prettyPhoto[premium-grid-358834f]\">\r\n\t\t\t\t\t\t<span>\r\n\t\t\t\t\t\t\t<i aria-hidden=\"true\" class=\"fas fa-search\"><\/i>\t\t\t\t\t\t<\/span>\r\n\t\t\t\t\t<\/a>\r\n\t\t\t\t\t\t\t\t\t\t\t\t<\/div>\r\n\t\t\t\t\t\t\t<\/div>\r\n\t\t\t\t\t\t\t\t\t\t\t<\/div>\r\n\t\t\t\t\t\t\t\t\t<\/div>\r\n\t\t\t<\/div>\r\n\t\t\t\r\n\t\t\t\t\t<\/div>\r\n\r\n\t\t\r\n\t<\/div>\r\n\r\n\t\t\r\n\t\t\r\n\t\t\t\t<\/div>\n\t\t\t\t<\/div>\n\t\t\t\t\t\t<\/div>\n\t\t\t\t\t<\/div>\n\t\t<\/div>\n\t\t\t\t\t\t\t\t<\/div>\n\t\t\t\t\t<\/div>\n\t\t<\/section>\n\t\t\t\t<section class=\"has_ma_el_bg_slider elementor-section elementor-top-section elementor-element elementor-element-9a55623 elementor-section-boxed elementor-section-height-default elementor-section-height-default jltma-glass-effect-no\" data-id=\"9a55623\" data-element_type=\"section\">\n\t\t\t\t\t\t<div class=\"elementor-container elementor-column-gap-default\">\n\t\t\t\t\t\t\t<div class=\"elementor-row\">\n\t\t\t\t\t<div class=\"has_ma_el_bg_slider elementor-column elementor-col-100 elementor-top-column elementor-element elementor-element-1ad9be7 jltma-glass-effect-no\" data-id=\"1ad9be7\" data-element_type=\"column\">\n\t\t\t<div class=\"elementor-column-wrap elementor-element-populated\">\n\t\t\t\t\t\t\t<div class=\"elementor-widget-wrap\">\n\t\t\t\t\t\t<div class=\"elementor-element elementor-element-43bbc35 premium-table-dir-ltr jltma-glass-effect-no elementor-widget elementor-widget-premium-tables-addon\" data-id=\"43bbc35\" data-element_type=\"widget\" data-settings=\"{&quot;premium_table_sort_mob&quot;:&quot;yes&quot;,&quot;premium_table_sort&quot;:&quot;yes&quot;,&quot;premium_table_search&quot;:&quot;yes&quot;}\" data-widget_type=\"premium-tables-addon.default\">\n\t\t\t\t<div class=\"elementor-widget-container\">\n\t\t\t\r\n\t\t<div class=\"premium-table-wrap\">\r\n\t\t\t<div class=\"premium-table-filter\">\r\n\t\t\t\t\t\t\t<div class=\"premium-table-search-wrap\">\r\n\t\t\t\t\t<input id=\"premium-table-search-field\" class=\"premium-table-search-field\" type=\"text\" placeholder=\"Quick Search\">\r\n\t\t\t\t<\/div>\r\n\t\t\t\t\t\t\t\t\t<\/div>\r\n\t\t\t<table class=\"premium-table premium-table-search premium-table-sort\" data-settings=\"{&quot;sort&quot;:true,&quot;sortMob&quot;:true,&quot;search&quot;:true,&quot;records&quot;:false,&quot;dataType&quot;:&quot;custom&quot;,&quot;csvFile&quot;:null,&quot;firstRow&quot;:null,&quot;separator&quot;:null,&quot;pagination&quot;:&quot;&quot;,&quot;rows&quot;:0}\" >\r\n\r\n\t\t\t\r\n\t\t<thead class=\"premium-table-head\">\r\n\r\n\t\t\t<tr class=\"premium-table-row\">\r\n\r\n\t\t\t\t<th class=\"premium-table-cell elementor-repeater-item-60fa9ab\"><span class=\"premium-table-text\"><span class=\"premium-table-inner\">Plant<\/span><span class=\"premium-table-sort-icon premium-icon-sort fa fa-sort\"><\/span><span class=\"premium-table-sort-icon premium-icon-sort-up fa fa-sort-up\"><\/span><span class=\"premium-table-sort-icon premium-icon-sort-down fa fa-sort-down\"><\/span><\/span><\/th><th class=\"premium-table-cell elementor-repeater-item-0df2187\"><span class=\"premium-table-text\"><span class=\"premium-table-inner\">Type of service<\/span><span class=\"premium-table-sort-icon premium-icon-sort fa fa-sort\"><\/span><span class=\"premium-table-sort-icon premium-icon-sort-up fa fa-sort-up\"><\/span><span class=\"premium-table-sort-icon premium-icon-sort-down fa fa-sort-down\"><\/span><\/span><\/th><th class=\"premium-table-cell elementor-repeater-item-096f18c\"><span class=\"premium-table-text\"><span class=\"premium-table-cell-icon-before\"><i class=\"fa fa-clone\"><\/i><\/span><span class=\"premium-table-inner\">Project Scope<\/span><span class=\"premium-table-sort-icon premium-icon-sort fa fa-sort\"><\/span><span class=\"premium-table-sort-icon premium-icon-sort-up fa fa-sort-up\"><\/span><span class=\"premium-table-sort-icon premium-icon-sort-down fa fa-sort-down\"><\/span><\/span><\/th>\r\n\t\t\t<\/tr>\r\n\r\n\t\t<\/thead>\r\n\r\n\t\t\t\t<tbody class=\"premium-table-body\">\r\n\t\t\t\t\t\t<tr class=\"premium-table-row elementor-repeater-item-89e4871\"><td class=\"premium-table-cell elementor-repeater-item-f9bed5a\" id=\"f9bed5a\"><span class=\"premium-table-text\"><span class=\"premium-table-cell-icon-before premium-table-cell-icon-before\"><i class=\"fa fa-clone\"><\/i><\/span><span class=\"premium-table-inner\">Arequipa- Per\u00fa<\/span><\/span><\/span><\/td><td class=\"premium-table-cell elementor-repeater-item-8f577a9\" id=\"8f577a9\"><span class=\"premium-table-text\"><span class=\"premium-table-inner\">Engineering<\/span><\/span><\/span><\/td><td class=\"premium-table-cell elementor-repeater-item-f118cb2\" id=\"f118cb2\"><span class=\"premium-table-text\"><span class=\"premium-table-cell-icon-before\"><div class=\"premium-table-body-lottie premium-lottie-animation\" data-lottie-url=\"https:\/\/assets2.lottiefiles.com\/packages\/lf20_vbp9ptkb.json\" data-lottie-loop=\"true\" data-lottie-reverse=\"\"><\/div><\/span><span class=\"premium-table-inner\">ENGINEERING FOR THE SCHEDULED SHUTDOWN OF THE PLANT OF LINE 3 OF CEMENTOS YURA IN AREQUIPA<\/span><\/span><\/span><\/td><\/tr><tr class=\"premium-table-row elementor-repeater-item-f10daa8\"><td class=\"premium-table-cell elementor-repeater-item-a267e39\" id=\"a267e39\"><span class=\"premium-table-text\"><span class=\"premium-table-inner\">Arequipa- Per\u00fa<\/span><\/span><\/span><\/td><td class=\"premium-table-cell elementor-repeater-item-4ce69bd\" id=\"4ce69bd\"><span class=\"premium-table-text\"><span class=\"premium-table-inner\">Engineering <\/span><\/span><\/span><\/td><td class=\"premium-table-cell elementor-repeater-item-e3812fd\" id=\"e3812fd\"><span class=\"premium-table-text\"><span class=\"premium-table-cell-icon-before\"><div class=\"premium-table-body-lottie premium-lottie-animation\" data-lottie-url=\"https:\/\/assets2.lottiefiles.com\/packages\/lf20_vbp9ptkb.json\" data-lottie-loop=\"true\" data-lottie-reverse=\"true\"><\/div><\/span><span class=\"premium-table-inner\">ENGINEERING SERVICE IN THE DEVELOPMENT OF THE PLANT PERFORMANCE, CEMENTOS YURA 2021 PLAN<\/span><\/span><\/span><\/td>\t\t\t<\/tr>\r\n\t\t<\/tbody>\r\n\r\n\t\t\r\n\t\t\t<\/table>\r\n\t\t<\/div>\r\n\t\t\t\t<\/div>\n\t\t\t\t<\/div>\n\t\t\t\t\t\t<\/div>\n\t\t\t\t\t<\/div>\n\t\t<\/div>\n\t\t\t\t\t\t\t\t<\/div>\n\t\t\t\t\t<\/div>\n\t\t<\/section>\n\t\t\t\t\t\t\t\t\t<\/div>\n\t\t\t<\/div>\n\t\t\t\t\t<\/div>","protected":false},"excerpt":{"rendered":"<p>CEMENTOS YURA Planta Tipo de Servicio Alcance del Proyecto Arequipa- Per\u00fa Ingenier\u00eda INGENIER\u00cdA PARA EL PARO PROGRAMADO DE PLANTA DE LA LINEA 3 DE CEMENTOS YURA EN AREQUIPA Arequipa- Per\u00fa Ingenier\u00eda SERVICIO DE INGENIER\u00cdA EN EL DESARROLLO DEL PLANT PERFORMANCE, PLAN DE CEMENTOS YURA 2021<\/p>","protected":false},"author":1,"featured_media":0,"parent":0,"menu_order":0,"comment_status":"closed","ping_status":"closed","template":"","meta":[],"yoast_head":"<!-- This site is optimized with the Yoast SEO Premium plugin v19.3 (Yoast SEO v19.7) - https:\/\/yoast.com\/wordpress\/plugins\/seo\/ -->\n<title>Cementos Yura | IDT | HACEMOS PROYECTOS<\/title>\n<meta name=\"robots\" content=\"index, follow, max-snippet:-1, max-image-preview:large, max-video-preview:-1\" \/>\n<link rel=\"canonical\" href=\"https:\/\/www.idtingenieros.com\/en\/cementos-yura\/\" \/>\n<meta property=\"og:locale\" content=\"en_US\" \/>\n<meta property=\"og:type\" content=\"article\" \/>\n<meta property=\"og:title\" content=\"Cementos Yura\" \/>\n<meta property=\"og:description\" content=\"CEMENTOS YURA Planta Tipo de Servicio Alcance del Proyecto Arequipa- Per\u00fa Ingenier\u00eda INGENIER\u00cdA PARA EL PARO PROGRAMADO DE PLANTA DE LA LINEA 3 DE CEMENTOS YURA EN AREQUIPA Arequipa- Per\u00fa Ingenier\u00eda SERVICIO DE INGENIER\u00cdA EN EL DESARROLLO DEL PLANT PERFORMANCE, PLAN DE CEMENTOS YURA 2021\" \/>\n<meta property=\"og:url\" content=\"https:\/\/www.idtingenieros.com\/en\/cementos-yura\/\" \/>\n<meta property=\"og:site_name\" content=\"IDT | HACEMOS PROYECTOS\" \/>\n<meta property=\"article:publisher\" content=\"https:\/\/www.facebook.com\/profile.php?id=100083671231661\" \/>\n<meta property=\"article:modified_time\" content=\"2022-10-24T22:17:37+00:00\" \/>\n<meta property=\"og:image\" content=\"http:\/\/www.idtingenieros.com\/wp-content\/uploads\/2022\/09\/building-2933226_1920.jpg\" \/>\n<meta name=\"twitter:card\" content=\"summary_large_image\" \/>\n<meta name=\"twitter:label1\" content=\"Est. reading time\" \/>\n\t<meta name=\"twitter:data1\" content=\"1 minute\" \/>\n<script type=\"application\/ld+json\" class=\"yoast-schema-graph\">{\"@context\":\"https:\/\/schema.org\",\"@graph\":[{\"@type\":\"WebPage\",\"@id\":\"https:\/\/www.idtingenieros.com\/cementos-yura\/\",\"url\":\"https:\/\/www.idtingenieros.com\/cementos-yura\/\",\"name\":\"Cementos Yura | IDT | HACEMOS PROYECTOS\",\"isPartOf\":{\"@id\":\"https:\/\/www.idtingenieros.com\/#website\"},\"datePublished\":\"2022-09-01T23:19:13+00:00\",\"dateModified\":\"2022-10-24T22:17:37+00:00\",\"breadcrumb\":{\"@id\":\"https:\/\/www.idtingenieros.com\/cementos-yura\/#breadcrumb\"},\"inLanguage\":\"en-US\",\"potentialAction\":[{\"@type\":\"ReadAction\",\"target\":[\"https:\/\/www.idtingenieros.com\/cementos-yura\/\"]}]},{\"@type\":\"BreadcrumbList\",\"@id\":\"https:\/\/www.idtingenieros.com\/cementos-yura\/#breadcrumb\",\"itemListElement\":[{\"@type\":\"ListItem\",\"position\":1,\"name\":\"Portada\",\"item\":\"https:\/\/www.idtingenieros.com\/\"},{\"@type\":\"ListItem\",\"position\":2,\"name\":\"Cementos Yura\"}]},{\"@type\":\"WebSite\",\"@id\":\"https:\/\/www.idtingenieros.com\/#website\",\"url\":\"https:\/\/www.idtingenieros.com\/\",\"name\":\"IDT | HACEMOS PROYECTOS\",\"description\":\"\",\"publisher\":{\"@id\":\"https:\/\/www.idtingenieros.com\/#organization\"},\"potentialAction\":[{\"@type\":\"SearchAction\",\"target\":{\"@type\":\"EntryPoint\",\"urlTemplate\":\"https:\/\/www.idtingenieros.com\/?s={search_term_string}\"},\"query-input\":\"required name=search_term_string\"}],\"inLanguage\":\"en-US\"},{\"@type\":\"Organization\",\"@id\":\"https:\/\/www.idtingenieros.com\/#organization\",\"name\":\"IDT | HACEMOS PROYECTOS\",\"url\":\"https:\/\/www.idtingenieros.com\/\",\"sameAs\":[\"https:\/\/www.instagram.com\/idt_ingenieros\",\"https:\/\/www.facebook.com\/profile.php?id=100083671231661\"],\"logo\":{\"@type\":\"ImageObject\",\"inLanguage\":\"en-US\",\"@id\":\"https:\/\/www.idtingenieros.com\/#\/schema\/logo\/image\/\",\"url\":\"https:\/\/i2.wp.com\/www.idtingenieros.com\/wp-content\/uploads\/2022\/10\/Logo_renovado.png?fit=3988%2C2197&ssl=1\",\"contentUrl\":\"https:\/\/i2.wp.com\/www.idtingenieros.com\/wp-content\/uploads\/2022\/10\/Logo_renovado.png?fit=3988%2C2197&ssl=1\",\"width\":3988,\"height\":2197,\"caption\":\"IDT | HACEMOS PROYECTOS\"},\"image\":{\"@id\":\"https:\/\/www.idtingenieros.com\/#\/schema\/logo\/image\/\"}}]}<\/script>\n<!-- \/ Yoast SEO Premium plugin. -->","yoast_head_json":{"title":"Cementos Yura | IDT | HACEMOS PROYECTOS","robots":{"index":"index","follow":"follow","max-snippet":"max-snippet:-1","max-image-preview":"max-image-preview:large","max-video-preview":"max-video-preview:-1"},"canonical":"https:\/\/www.idtingenieros.com\/en\/cementos-yura\/","og_locale":"en_US","og_type":"article","og_title":"Cementos Yura","og_description":"CEMENTOS YURA Planta Tipo de Servicio Alcance del Proyecto Arequipa- Per\u00fa Ingenier\u00eda INGENIER\u00cdA PARA EL PARO PROGRAMADO DE PLANTA DE LA LINEA 3 DE CEMENTOS YURA EN AREQUIPA Arequipa- Per\u00fa Ingenier\u00eda SERVICIO DE INGENIER\u00cdA EN EL DESARROLLO DEL PLANT PERFORMANCE, PLAN DE CEMENTOS YURA 2021","og_url":"https:\/\/www.idtingenieros.com\/en\/cementos-yura\/","og_site_name":"IDT | HACEMOS PROYECTOS","article_publisher":"https:\/\/www.facebook.com\/profile.php?id=100083671231661","article_modified_time":"2022-10-24T22:17:37+00:00","og_image":[{"url":"http:\/\/www.idtingenieros.com\/wp-content\/uploads\/2022\/09\/building-2933226_1920.jpg"}],"twitter_card":"summary_large_image","twitter_misc":{"Est. reading time":"1 minute"},"schema":{"@context":"https:\/\/schema.org","@graph":[{"@type":"WebPage","@id":"https:\/\/www.idtingenieros.com\/cementos-yura\/","url":"https:\/\/www.idtingenieros.com\/cementos-yura\/","name":"Cementos Yura | IDT | HACEMOS PROYECTOS","isPartOf":{"@id":"https:\/\/www.idtingenieros.com\/#website"},"datePublished":"2022-09-01T23:19:13+00:00","dateModified":"2022-10-24T22:17:37+00:00","breadcrumb":{"@id":"https:\/\/www.idtingenieros.com\/cementos-yura\/#breadcrumb"},"inLanguage":"en-US","potentialAction":[{"@type":"ReadAction","target":["https:\/\/www.idtingenieros.com\/cementos-yura\/"]}]},{"@type":"BreadcrumbList","@id":"https:\/\/www.idtingenieros.com\/cementos-yura\/#breadcrumb","itemListElement":[{"@type":"ListItem","position":1,"name":"Portada","item":"https:\/\/www.idtingenieros.com\/"},{"@type":"ListItem","position":2,"name":"Cementos Yura"}]},{"@type":"WebSite","@id":"https:\/\/www.idtingenieros.com\/#website","url":"https:\/\/www.idtingenieros.com\/","name":"IDT | HACEMOS PROYECTOS","description":"","publisher":{"@id":"https:\/\/www.idtingenieros.com\/#organization"},"potentialAction":[{"@type":"SearchAction","target":{"@type":"EntryPoint","urlTemplate":"https:\/\/www.idtingenieros.com\/?s={search_term_string}"},"query-input":"required name=search_term_string"}],"inLanguage":"en-US"},{"@type":"Organization","@id":"https:\/\/www.idtingenieros.com\/#organization","name":"IDT | HACEMOS PROYECTOS","url":"https:\/\/www.idtingenieros.com\/","sameAs":["https:\/\/www.instagram.com\/idt_ingenieros","https:\/\/www.facebook.com\/profile.php?id=100083671231661"],"logo":{"@type":"ImageObject","inLanguage":"en-US","@id":"https:\/\/www.idtingenieros.com\/#\/schema\/logo\/image\/","url":"https:\/\/i2.wp.com\/www.idtingenieros.com\/wp-content\/uploads\/2022\/10\/Logo_renovado.png?fit=3988%2C2197&ssl=1","contentUrl":"https:\/\/i2.wp.com\/www.idtingenieros.com\/wp-content\/uploads\/2022\/10\/Logo_renovado.png?fit=3988%2C2197&ssl=1","width":3988,"height":2197,"caption":"IDT | HACEMOS PROYECTOS"},"image":{"@id":"https:\/\/www.idtingenieros.com\/#\/schema\/logo\/image\/"}}]}},"_links":{"self":[{"href":"https:\/\/www.idtingenieros.com\/en\/wp-json\/wp\/v2\/pages\/3302"}],"collection":[{"href":"https:\/\/www.idtingenieros.com\/en\/wp-json\/wp\/v2\/pages"}],"about":[{"href":"https:\/\/www.idtingenieros.com\/en\/wp-json\/wp\/v2\/types\/page"}],"author":[{"embeddable":true,"href":"https:\/\/www.idtingenieros.com\/en\/wp-json\/wp\/v2\/users\/1"}],"replies":[{"embeddable":true,"href":"https:\/\/www.idtingenieros.com\/en\/wp-json\/wp\/v2\/comments?post=3302"}],"version-history":[{"count":16,"href":"https:\/\/www.idtingenieros.com\/en\/wp-json\/wp\/v2\/pages\/3302\/revisions"}],"predecessor-version":[{"id":3972,"href":"https:\/\/www.idtingenieros.com\/en\/wp-json\/wp\/v2\/pages\/3302\/revisions\/3972"}],"wp:attachment":[{"href":"https:\/\/www.idtingenieros.com\/en\/wp-json\/wp\/v2\/media?parent=3302"}],"curies":[{"name":"wp","href":"https:\/\/api.w.org\/{rel}","templated":true}]}}