{"id":3074,"date":"2022-08-01T15:38:44","date_gmt":"2022-08-01T20:38:44","guid":{"rendered":"http:\/\/www.idtingenieros.com\/?page_id=3074"},"modified":"2022-10-24T17:13:34","modified_gmt":"2022-10-24T22:13:34","slug":"castelus","status":"publish","type":"page","link":"https:\/\/www.idtingenieros.com\/en\/castelus\/","title":{"rendered":"Castellus"},"content":{"rendered":"<div data-elementor-type=\"wp-page\" data-elementor-id=\"3074\" class=\"elementor elementor-3074\">\n\t\t\t\t\t\t<div class=\"elementor-inner\">\n\t\t\t\t<div class=\"elementor-section-wrap\">\n\t\t\t\t\t\t\t\t\t<section class=\"has_ma_el_bg_slider elementor-section elementor-top-section elementor-element elementor-element-4974bb1e elementor-section-height-min-height elementor-section-boxed elementor-section-height-default elementor-section-items-middle jltma-glass-effect-no\" data-id=\"4974bb1e\" data-element_type=\"section\">\n\t\t\t\t\t\t\t<div class=\"elementor-background-overlay\"><\/div>\n\t\t\t\t\t\t\t<div class=\"elementor-container elementor-column-gap-default\">\n\t\t\t\t\t\t\t<div class=\"elementor-row\">\n\t\t\t\t\t<div class=\"has_ma_el_bg_slider elementor-column elementor-col-100 elementor-top-column elementor-element elementor-element-669e95d9 jltma-glass-effect-no\" data-id=\"669e95d9\" data-element_type=\"column\">\n\t\t\t<div class=\"elementor-column-wrap elementor-element-populated\">\n\t\t\t\t\t\t\t<div class=\"elementor-widget-wrap\">\n\t\t\t\t\t\t<div class=\"elementor-element elementor-element-64faf2da jltma-glass-effect-no elementor-widget elementor-widget-text-editor\" data-id=\"64faf2da\" data-element_type=\"widget\" data-widget_type=\"text-editor.default\">\n\t\t\t\t<div class=\"elementor-widget-container\">\n\t\t\t\t\t\t\t\t<div class=\"elementor-text-editor elementor-clearfix\">\n\t\t\t\t<!-- wp:divi\/placeholder \/-->\t\t\t\t\t<\/div>\n\t\t\t\t\t\t<\/div>\n\t\t\t\t<\/div>\n\t\t\t\t\t\t<\/div>\n\t\t\t\t\t<\/div>\n\t\t<\/div>\n\t\t\t\t\t\t\t\t<\/div>\n\t\t\t\t\t<\/div>\n\t\t<\/section>\n\t\t\t\t<section class=\"has_ma_el_bg_slider elementor-section elementor-top-section elementor-element elementor-element-68731d5 elementor-section-boxed elementor-section-height-default elementor-section-height-default jltma-glass-effect-no\" data-id=\"68731d5\" data-element_type=\"section\">\n\t\t\t\t\t\t<div class=\"elementor-container elementor-column-gap-default\">\n\t\t\t\t\t\t\t<div class=\"elementor-row\">\n\t\t\t\t\t<div class=\"has_ma_el_bg_slider elementor-column elementor-col-100 elementor-top-column elementor-element elementor-element-fdf5294 jltma-glass-effect-no\" data-id=\"fdf5294\" data-element_type=\"column\">\n\t\t\t<div class=\"elementor-column-wrap elementor-element-populated\">\n\t\t\t\t\t\t\t<div class=\"elementor-widget-wrap\">\n\t\t\t\t\t\t<div class=\"elementor-element elementor-element-88b53da jltma-glass-effect-no elementor-widget elementor-widget-heading\" data-id=\"88b53da\" data-element_type=\"widget\" data-widget_type=\"heading.default\">\n\t\t\t\t<div class=\"elementor-widget-container\">\n\t\t\t<h2 class=\"elementor-heading-title elementor-size-default\">CASTELLUS (TERRA DE  SAN MARINO)<\/h2>\t\t<\/div>\n\t\t\t\t<\/div>\n\t\t\t\t\t\t<\/div>\n\t\t\t\t\t<\/div>\n\t\t<\/div>\n\t\t\t\t\t\t\t\t<\/div>\n\t\t\t\t\t<\/div>\n\t\t<\/section>\n\t\t\t\t<section class=\"has_ma_el_bg_slider elementor-section elementor-top-section elementor-element elementor-element-f9c7c9e elementor-section-boxed elementor-section-height-default elementor-section-height-default jltma-glass-effect-no\" data-id=\"f9c7c9e\" data-element_type=\"section\">\n\t\t\t\t\t\t<div class=\"elementor-container elementor-column-gap-default\">\n\t\t\t\t\t\t\t<div class=\"elementor-row\">\n\t\t\t\t\t<div class=\"has_ma_el_bg_slider elementor-column elementor-col-100 elementor-top-column elementor-element elementor-element-88141b4 jltma-glass-effect-no\" data-id=\"88141b4\" data-element_type=\"column\">\n\t\t\t<div class=\"elementor-column-wrap elementor-element-populated\">\n\t\t\t\t\t\t\t<div class=\"elementor-widget-wrap\">\n\t\t\t\t\t\t<div class=\"elementor-element elementor-element-cdd4c4b jltma-glass-effect-no elementor-widget elementor-widget-premium-img-gallery\" data-id=\"cdd4c4b\" data-element_type=\"widget\" data-settings=\"{&quot;premium_gallery_img_content&quot;:[{&quot;premium_gallery_img_category&quot;:&quot;Category 1&quot;,&quot;_id&quot;:&quot;3cab757&quot;,&quot;premium_gallery_img&quot;:{&quot;url&quot;:&quot;http:\\\/\\\/www.idtingenieros.com\\\/wp-content\\\/uploads\\\/2022\\\/09\\\/CASTELLUS.jpeg&quot;,&quot;id&quot;:3270,&quot;alt&quot;:&quot;&quot;,&quot;source&quot;:&quot;library&quot;},&quot;premium_gallery_image_cell&quot;:{&quot;unit&quot;:&quot;px&quot;,&quot;size&quot;:4,&quot;sizes&quot;:[]},&quot;premium_gallery_image_cell_tablet&quot;:{&quot;unit&quot;:&quot;px&quot;,&quot;size&quot;:&quot;&quot;,&quot;sizes&quot;:[]},&quot;premium_gallery_image_cell_mobile&quot;:{&quot;unit&quot;:&quot;px&quot;,&quot;size&quot;:&quot;&quot;,&quot;sizes&quot;:[]},&quot;premium_gallery_image_vcell&quot;:{&quot;unit&quot;:&quot;px&quot;,&quot;size&quot;:4,&quot;sizes&quot;:[]},&quot;premium_gallery_image_vcell_tablet&quot;:{&quot;unit&quot;:&quot;px&quot;,&quot;size&quot;:&quot;&quot;,&quot;sizes&quot;:[]},&quot;premium_gallery_image_vcell_mobile&quot;:{&quot;unit&quot;:&quot;px&quot;,&quot;size&quot;:&quot;&quot;,&quot;sizes&quot;:[]},&quot;premium_gallery_video&quot;:&quot;&quot;,&quot;premium_gallery_video_type&quot;:null,&quot;premium_gallery_video_url&quot;:null,&quot;premium_gallery_video_self&quot;:null,&quot;premium_gallery_video_self_url&quot;:null,&quot;premium_gallery_video_controls&quot;:null,&quot;premium_gallery_video_mute&quot;:null,&quot;premium_gallery_video_loop&quot;:null,&quot;privacy_mode&quot;:null,&quot;premmium_gallery_img_info&quot;:&quot;&quot;,&quot;premium_gallery_img_name&quot;:&quot;&quot;,&quot;premium_gallery_img_desc&quot;:&quot;&quot;,&quot;premium_gallery_img_link_type&quot;:&quot;url&quot;,&quot;premium_gallery_img_link&quot;:{&quot;url&quot;:&quot;&quot;,&quot;is_external&quot;:&quot;&quot;,&quot;nofollow&quot;:&quot;&quot;,&quot;custom_attributes&quot;:&quot;&quot;},&quot;premium_gallery_img_existing&quot;:null,&quot;premium_gallery_link_whole&quot;:&quot;&quot;,&quot;premium_gallery_lightbox_whole&quot;:&quot;&quot;},{&quot;premium_gallery_img_category&quot;:&quot;Category 2&quot;,&quot;_id&quot;:&quot;cb129c7&quot;,&quot;premium_gallery_img&quot;:{&quot;url&quot;:&quot;http:\\\/\\\/www.idtingenieros.com\\\/wp-content\\\/uploads\\\/2022\\\/09\\\/11-2.jpeg&quot;,&quot;id&quot;:3269,&quot;alt&quot;:&quot;&quot;,&quot;source&quot;:&quot;library&quot;},&quot;premium_gallery_image_cell&quot;:{&quot;unit&quot;:&quot;px&quot;,&quot;size&quot;:4,&quot;sizes&quot;:[]},&quot;premium_gallery_image_cell_tablet&quot;:{&quot;unit&quot;:&quot;px&quot;,&quot;size&quot;:&quot;&quot;,&quot;sizes&quot;:[]},&quot;premium_gallery_image_cell_mobile&quot;:{&quot;unit&quot;:&quot;px&quot;,&quot;size&quot;:&quot;&quot;,&quot;sizes&quot;:[]},&quot;premium_gallery_image_vcell&quot;:{&quot;unit&quot;:&quot;px&quot;,&quot;size&quot;:4,&quot;sizes&quot;:[]},&quot;premium_gallery_image_vcell_tablet&quot;:{&quot;unit&quot;:&quot;px&quot;,&quot;size&quot;:&quot;&quot;,&quot;sizes&quot;:[]},&quot;premium_gallery_image_vcell_mobile&quot;:{&quot;unit&quot;:&quot;px&quot;,&quot;size&quot;:&quot;&quot;,&quot;sizes&quot;:[]},&quot;premium_gallery_video&quot;:&quot;&quot;,&quot;premium_gallery_video_type&quot;:null,&quot;premium_gallery_video_url&quot;:null,&quot;premium_gallery_video_self&quot;:null,&quot;premium_gallery_video_self_url&quot;:null,&quot;premium_gallery_video_controls&quot;:null,&quot;premium_gallery_video_mute&quot;:null,&quot;premium_gallery_video_loop&quot;:null,&quot;privacy_mode&quot;:null,&quot;premmium_gallery_img_info&quot;:&quot;&quot;,&quot;premium_gallery_img_name&quot;:&quot;&quot;,&quot;premium_gallery_img_desc&quot;:&quot;&quot;,&quot;premium_gallery_img_link_type&quot;:&quot;url&quot;,&quot;premium_gallery_img_link&quot;:{&quot;url&quot;:&quot;&quot;,&quot;is_external&quot;:&quot;&quot;,&quot;nofollow&quot;:&quot;&quot;,&quot;custom_attributes&quot;:&quot;&quot;},&quot;premium_gallery_img_existing&quot;:null,&quot;premium_gallery_link_whole&quot;:&quot;&quot;,&quot;premium_gallery_lightbox_whole&quot;:&quot;&quot;}]}\" data-widget_type=\"premium-img-gallery.default\">\n\t\t\t\t<div class=\"elementor-widget-container\">\n\t\t\t\r\n\t<div id=\"premium-img-gallery-cdd4c4b\" class=\"elementor-invisible premium-img-gallery premium-img-gallery-fitRows zoomin premium-gallery-icon-show\">\r\n\t\t\r\n\t\t<div class=\"premium-gallery-container\" data-settings=\"{&quot;img_size&quot;:&quot;fitRows&quot;,&quot;filter&quot;:&quot;&quot;,&quot;theme&quot;:&quot;pp_default&quot;,&quot;active_cat&quot;:&quot;*&quot;,&quot;ltr_mode&quot;:true,&quot;shuffle&quot;:false,&quot;sort_by&quot;:&quot;original-order&quot;,&quot;skin&quot;:&quot;default&quot;,&quot;light_box&quot;:&quot;yes&quot;,&quot;lightbox_type&quot;:&quot;default&quot;,&quot;overlay&quot;:false}\">\r\n\r\n\t\t\t\t\t\t\t<div class=\"premium-gallery-item elementor-repeater-item-3cab757 category-1\">\r\n\t\t\t\t<div class=\"pa-gallery-img default\" onclick=\"\">\r\n\t\t\t\t\t<div class=\"pa-gallery-img-container\">\r\n\t\t\t\t\t\t\t\t<img width=\"1200\" height=\"700\" src=\"https:\/\/www.idtingenieros.com\/wp-content\/uploads\/2022\/09\/CASTELLUS.jpeg\" class=\"attachment-full size-full\" alt=\"\" loading=\"lazy\" \/>\t\t\t\t\t\t\t<\/div>\r\n\t\t\t\t\t\t\t\t\t\t\t\t<div class=\"pa-gallery-icons-wrapper\">\r\n\t\t\t\t\t\t\t\t<div class=\"pa-gallery-icons-inner-container\">\r\n\t\t\t\t\t\t\t\t\t\r\n\t\t\t\t\t<a class=\"pa-gallery-magnific-image\" href=\"http:\/\/www.idtingenieros.com\/wp-content\/uploads\/2022\/09\/CASTELLUS.jpeg\" data-rel=\"prettyPhoto[premium-grid-cdd4c4b]\">\r\n\t\t\t\t\t\t<span>\r\n\t\t\t\t\t\t\t<i aria-hidden=\"true\" class=\"fas fa-search\"><\/i>\t\t\t\t\t\t<\/span>\r\n\t\t\t\t\t<\/a>\r\n\t\t\t\t\t\t\t\t\t\t\t\t<\/div>\r\n\t\t\t\t\t\t\t<\/div>\r\n\t\t\t\t\t\t\t\t\t\t\t<\/div>\r\n\t\t\t<\/div>\r\n\t\t\t\t\t\t\t<div class=\"premium-gallery-item elementor-repeater-item-cb129c7 category-2\">\r\n\t\t\t\t<div class=\"pa-gallery-img default\" onclick=\"\">\r\n\t\t\t\t\t<div class=\"pa-gallery-img-container\">\r\n\t\t\t\t\t\t\t\t<img width=\"1024\" height=\"653\" src=\"https:\/\/www.idtingenieros.com\/wp-content\/uploads\/2022\/09\/11-2.jpeg\" class=\"attachment-full size-full\" alt=\"\" loading=\"lazy\" \/>\t\t\t\t\t\t\t<\/div>\r\n\t\t\t\t\t\t\t\t\t\t\t\t<div class=\"pa-gallery-icons-wrapper\">\r\n\t\t\t\t\t\t\t\t<div class=\"pa-gallery-icons-inner-container\">\r\n\t\t\t\t\t\t\t\t\t\r\n\t\t\t\t\t<a class=\"pa-gallery-magnific-image\" href=\"http:\/\/www.idtingenieros.com\/wp-content\/uploads\/2022\/09\/11-2.jpeg\" data-rel=\"prettyPhoto[premium-grid-cdd4c4b]\">\r\n\t\t\t\t\t\t<span>\r\n\t\t\t\t\t\t\t<i aria-hidden=\"true\" class=\"fas fa-search\"><\/i>\t\t\t\t\t\t<\/span>\r\n\t\t\t\t\t<\/a>\r\n\t\t\t\t\t\t\t\t\t\t\t\t<\/div>\r\n\t\t\t\t\t\t\t<\/div>\r\n\t\t\t\t\t\t\t\t\t\t\t<\/div>\r\n\t\t\t<\/div>\r\n\t\t\t\r\n\t\t\t\t\t<\/div>\r\n\r\n\t\t\r\n\t<\/div>\r\n\r\n\t\t\r\n\t\t\r\n\t\t\t\t<\/div>\n\t\t\t\t<\/div>\n\t\t\t\t\t\t<\/div>\n\t\t\t\t\t<\/div>\n\t\t<\/div>\n\t\t\t\t\t\t\t\t<\/div>\n\t\t\t\t\t<\/div>\n\t\t<\/section>\n\t\t\t\t<section class=\"has_ma_el_bg_slider elementor-section elementor-top-section elementor-element elementor-element-ca0d8c1 elementor-section-boxed elementor-section-height-default elementor-section-height-default jltma-glass-effect-no\" data-id=\"ca0d8c1\" data-element_type=\"section\">\n\t\t\t\t\t\t<div class=\"elementor-container elementor-column-gap-default\">\n\t\t\t\t\t\t\t<div class=\"elementor-row\">\n\t\t\t\t\t<div class=\"has_ma_el_bg_slider elementor-column elementor-col-100 elementor-top-column elementor-element elementor-element-cef03d1 jltma-glass-effect-no\" data-id=\"cef03d1\" data-element_type=\"column\">\n\t\t\t<div class=\"elementor-column-wrap elementor-element-populated\">\n\t\t\t\t\t\t\t<div class=\"elementor-widget-wrap\">\n\t\t\t\t\t\t<div class=\"elementor-element elementor-element-13e265a premium-table-dir-ltr jltma-glass-effect-no elementor-widget elementor-widget-premium-tables-addon\" data-id=\"13e265a\" data-element_type=\"widget\" data-settings=\"{&quot;premium_table_sort_mob&quot;:&quot;yes&quot;,&quot;premium_table_sort&quot;:&quot;yes&quot;,&quot;premium_table_search&quot;:&quot;yes&quot;}\" data-widget_type=\"premium-tables-addon.default\">\n\t\t\t\t<div class=\"elementor-widget-container\">\n\t\t\t\r\n\t\t<div class=\"premium-table-wrap\">\r\n\t\t\t<div class=\"premium-table-filter\">\r\n\t\t\t\t\t\t\t<div class=\"premium-table-search-wrap\">\r\n\t\t\t\t\t<input id=\"premium-table-search-field\" class=\"premium-table-search-field\" type=\"text\" placeholder=\"Quick Search\">\r\n\t\t\t\t<\/div>\r\n\t\t\t\t\t\t\t\t\t<\/div>\r\n\t\t\t<table class=\"premium-table premium-table-search premium-table-sort\" data-settings=\"{&quot;sort&quot;:true,&quot;sortMob&quot;:true,&quot;search&quot;:true,&quot;records&quot;:false,&quot;dataType&quot;:&quot;custom&quot;,&quot;csvFile&quot;:null,&quot;firstRow&quot;:null,&quot;separator&quot;:null,&quot;pagination&quot;:&quot;&quot;,&quot;rows&quot;:0}\" >\r\n\r\n\t\t\t\r\n\t\t<thead class=\"premium-table-head\">\r\n\r\n\t\t\t<tr class=\"premium-table-row\">\r\n\r\n\t\t\t\t<th class=\"premium-table-cell elementor-repeater-item-60fa9ab\"><span class=\"premium-table-text\"><span class=\"premium-table-inner\">Plant<\/span><span class=\"premium-table-sort-icon premium-icon-sort fa fa-sort\"><\/span><span class=\"premium-table-sort-icon premium-icon-sort-up fa fa-sort-up\"><\/span><span class=\"premium-table-sort-icon premium-icon-sort-down fa fa-sort-down\"><\/span><\/span><\/th><th class=\"premium-table-cell elementor-repeater-item-0df2187\"><span class=\"premium-table-text\"><span class=\"premium-table-inner\">Type of service<\/span><span class=\"premium-table-sort-icon premium-icon-sort fa fa-sort\"><\/span><span class=\"premium-table-sort-icon premium-icon-sort-up fa fa-sort-up\"><\/span><span class=\"premium-table-sort-icon premium-icon-sort-down fa fa-sort-down\"><\/span><\/span><\/th><th class=\"premium-table-cell elementor-repeater-item-096f18c\"><span class=\"premium-table-text\"><span class=\"premium-table-cell-icon-before\"><i class=\"fa fa-clone\"><\/i><\/span><span class=\"premium-table-inner\">Project Scope<\/span><span class=\"premium-table-sort-icon premium-icon-sort fa fa-sort\"><\/span><span class=\"premium-table-sort-icon premium-icon-sort-up fa fa-sort-up\"><\/span><span class=\"premium-table-sort-icon premium-icon-sort-down fa fa-sort-down\"><\/span><\/span><\/th>\r\n\t\t\t<\/tr>\r\n\r\n\t\t<\/thead>\r\n\r\n\t\t\t\t<tbody class=\"premium-table-body\">\r\n\t\t\t\t\t\t<tr class=\"premium-table-row elementor-repeater-item-9b31b2c\"><td class=\"premium-table-cell elementor-repeater-item-89e4871\" id=\"89e4871\"><span class=\"premium-table-text\"><span class=\"premium-table-cell-icon-before premium-table-cell-icon-before\"><i class=\"fa fa-clone\"><\/i><\/span><span class=\"premium-table-inner\">Amaga<\/span><\/span><\/span><\/td><td class=\"premium-table-cell elementor-repeater-item-8f577a9\" id=\"8f577a9\"><span class=\"premium-table-text\"><span class=\"premium-table-inner\">Project Execution <\/span><\/span><\/span><\/td><td class=\"premium-table-cell elementor-repeater-item-f118cb2\" id=\"f118cb2\"><span class=\"premium-table-text\"><span class=\"premium-table-cell-icon-before\"><div class=\"premium-table-body-lottie premium-lottie-animation\" data-lottie-url=\"https:\/\/assets2.lottiefiles.com\/packages\/lf20_vbp9ptkb.json\" data-lottie-loop=\"true\" data-lottie-reverse=\"\"><\/div><\/span><span class=\"premium-table-inner\">SUPPLY, MANUFACTURE AND ASSEMBLY OF PIPING AND DUCTS FOR THE FURNACE AND DRYER PHASE WITHIN THE FRAMEWORK OF THE TERRAS DE SAN MARINO CASTELUS PROJECT<\/span><\/span><\/span><\/td><\/tr><tr class=\"premium-table-row elementor-repeater-item-d4bfea4\"><td class=\"premium-table-cell elementor-repeater-item-a267e39\" id=\"a267e39\"><span class=\"premium-table-text\"><span class=\"premium-table-inner\">Amaga<\/span><\/span><\/span><\/td><td class=\"premium-table-cell elementor-repeater-item-4ce69bd\" id=\"4ce69bd\"><span class=\"premium-table-text\"><span class=\"premium-table-inner\">Project Execution <\/span><\/span><\/span><\/td><td class=\"premium-table-cell elementor-repeater-item-e3812fd\" id=\"e3812fd\"><span class=\"premium-table-text\"><span class=\"premium-table-cell-icon-before\"><div class=\"premium-table-body-lottie premium-lottie-animation\" data-lottie-url=\"https:\/\/assets2.lottiefiles.com\/packages\/lf20_vbp9ptkb.json\" data-lottie-loop=\"true\" data-lottie-reverse=\"true\"><\/div><\/span><span class=\"premium-table-inner\">SUPPLY AND INSTALLATION OF THERMAL INSULATION FOR PIPES AND DUCTS, FURNACE AND DRYER<\/span><\/span><\/span><\/td><\/tr><tr class=\"premium-table-row elementor-repeater-item-fbdc335\"><td class=\"premium-table-cell elementor-repeater-item-591328e\" id=\"591328e\"><span class=\"premium-table-text\"><span class=\"premium-table-inner\">Amaga<\/span><\/span><\/span><\/td><td class=\"premium-table-cell elementor-repeater-item-8048c00\" id=\"8048c00\"><span class=\"premium-table-text\"><span class=\"premium-table-inner\">EPC<\/span><\/span><\/span><\/td><td class=\"premium-table-cell elementor-repeater-item-55f21b1\" id=\"55f21b1\"><span class=\"premium-table-text\"><span class=\"premium-table-cell-icon-before\"><div class=\"premium-table-body-lottie premium-lottie-animation\" data-lottie-url=\"https:\/\/assets2.lottiefiles.com\/packages\/lf20_vbp9ptkb.json\" data-lottie-loop=\"true\" data-lottie-reverse=\"\"><\/div><\/span><span class=\"premium-table-inner\">ENGINEERING, ASSEMBLY AND MECHANICAL INSTALLATIONS OF THE ENERGY COGENERATION SYSTEM OF THE CASTELLUS AMAGA PLANT<\/span><\/span><\/span><\/td>\t\t\t<\/tr>\r\n\t\t<\/tbody>\r\n\r\n\t\t\r\n\t\t\t<\/table>\r\n\t\t<\/div>\r\n\t\t\t\t<\/div>\n\t\t\t\t<\/div>\n\t\t\t\t\t\t<\/div>\n\t\t\t\t\t<\/div>\n\t\t<\/div>\n\t\t\t\t\t\t\t\t<\/div>\n\t\t\t\t\t<\/div>\n\t\t<\/section>\n\t\t\t\t\t\t\t\t\t<\/div>\n\t\t\t<\/div>\n\t\t\t\t\t<\/div>","protected":false},"excerpt":{"rendered":"<p>CASTELLUS (TERRA DE SAN MARINO) Planta Tipo de Servicio Alcance del Proyecto Amaga Ejecuci\u00f3n de Proyectos SUMINISTRO, FABRICACI\u00d3N Y MONTAJE DE TUBER\u00cdA Y DUCTOS PARA LA FASE DE HORNOS Y SECADERO EN EL MARCO DEL PROYECTO TERRAS DE SAN MARINO CASTELUS Amaga Ejecuci\u00f3n de Proyectos SUMINISTRO E INSTALACI\u00d3N DE AISLAMIENTO T\u00c9RMICO PARA TUBER\u00cdAS Y DUCTOS [&hellip;]<\/p>","protected":false},"author":1,"featured_media":0,"parent":0,"menu_order":0,"comment_status":"closed","ping_status":"closed","template":"elementor_header_footer","meta":[],"yoast_head":"<!-- This site is optimized with the Yoast SEO Premium plugin v19.3 (Yoast SEO v19.7) - https:\/\/yoast.com\/wordpress\/plugins\/seo\/ -->\n<title>Castellus | IDT | HACEMOS PROYECTOS<\/title>\n<meta name=\"robots\" content=\"index, follow, max-snippet:-1, max-image-preview:large, max-video-preview:-1\" \/>\n<link rel=\"canonical\" href=\"https:\/\/www.idtingenieros.com\/en\/castelus\/\" \/>\n<meta property=\"og:locale\" content=\"en_US\" \/>\n<meta property=\"og:type\" content=\"article\" \/>\n<meta property=\"og:title\" content=\"Castellus\" \/>\n<meta property=\"og:description\" content=\"CASTELLUS (TERRA DE SAN MARINO) Planta Tipo de Servicio Alcance del Proyecto Amaga Ejecuci\u00f3n de Proyectos SUMINISTRO, FABRICACI\u00d3N Y MONTAJE DE TUBER\u00cdA Y DUCTOS PARA LA FASE DE HORNOS Y SECADERO EN EL MARCO DEL PROYECTO TERRAS DE SAN MARINO CASTELUS Amaga Ejecuci\u00f3n de Proyectos SUMINISTRO E INSTALACI\u00d3N DE AISLAMIENTO T\u00c9RMICO PARA TUBER\u00cdAS Y DUCTOS [&hellip;]\" \/>\n<meta property=\"og:url\" content=\"https:\/\/www.idtingenieros.com\/en\/castelus\/\" \/>\n<meta property=\"og:site_name\" content=\"IDT | HACEMOS PROYECTOS\" \/>\n<meta property=\"article:publisher\" content=\"https:\/\/www.facebook.com\/profile.php?id=100083671231661\" \/>\n<meta property=\"article:modified_time\" content=\"2022-10-24T22:13:34+00:00\" \/>\n<meta property=\"og:image\" content=\"http:\/\/www.idtingenieros.com\/wp-content\/uploads\/2022\/09\/CASTELLUS.jpeg\" \/>\n<meta name=\"twitter:card\" content=\"summary_large_image\" \/>\n<meta name=\"twitter:label1\" content=\"Est. reading time\" \/>\n\t<meta name=\"twitter:data1\" content=\"1 minute\" \/>\n<script type=\"application\/ld+json\" class=\"yoast-schema-graph\">{\"@context\":\"https:\/\/schema.org\",\"@graph\":[{\"@type\":\"WebPage\",\"@id\":\"https:\/\/www.idtingenieros.com\/castelus\/\",\"url\":\"https:\/\/www.idtingenieros.com\/castelus\/\",\"name\":\"Castellus | IDT | HACEMOS PROYECTOS\",\"isPartOf\":{\"@id\":\"https:\/\/www.idtingenieros.com\/#website\"},\"datePublished\":\"2022-08-01T20:38:44+00:00\",\"dateModified\":\"2022-10-24T22:13:34+00:00\",\"breadcrumb\":{\"@id\":\"https:\/\/www.idtingenieros.com\/castelus\/#breadcrumb\"},\"inLanguage\":\"en-US\",\"potentialAction\":[{\"@type\":\"ReadAction\",\"target\":[\"https:\/\/www.idtingenieros.com\/castelus\/\"]}]},{\"@type\":\"BreadcrumbList\",\"@id\":\"https:\/\/www.idtingenieros.com\/castelus\/#breadcrumb\",\"itemListElement\":[{\"@type\":\"ListItem\",\"position\":1,\"name\":\"Portada\",\"item\":\"https:\/\/www.idtingenieros.com\/\"},{\"@type\":\"ListItem\",\"position\":2,\"name\":\"Castellus\"}]},{\"@type\":\"WebSite\",\"@id\":\"https:\/\/www.idtingenieros.com\/#website\",\"url\":\"https:\/\/www.idtingenieros.com\/\",\"name\":\"IDT | HACEMOS PROYECTOS\",\"description\":\"\",\"publisher\":{\"@id\":\"https:\/\/www.idtingenieros.com\/#organization\"},\"potentialAction\":[{\"@type\":\"SearchAction\",\"target\":{\"@type\":\"EntryPoint\",\"urlTemplate\":\"https:\/\/www.idtingenieros.com\/?s={search_term_string}\"},\"query-input\":\"required name=search_term_string\"}],\"inLanguage\":\"en-US\"},{\"@type\":\"Organization\",\"@id\":\"https:\/\/www.idtingenieros.com\/#organization\",\"name\":\"IDT | HACEMOS PROYECTOS\",\"url\":\"https:\/\/www.idtingenieros.com\/\",\"sameAs\":[\"https:\/\/www.instagram.com\/idt_ingenieros\",\"https:\/\/www.facebook.com\/profile.php?id=100083671231661\"],\"logo\":{\"@type\":\"ImageObject\",\"inLanguage\":\"en-US\",\"@id\":\"https:\/\/www.idtingenieros.com\/#\/schema\/logo\/image\/\",\"url\":\"https:\/\/i2.wp.com\/www.idtingenieros.com\/wp-content\/uploads\/2022\/10\/Logo_renovado.png?fit=3988%2C2197&ssl=1\",\"contentUrl\":\"https:\/\/i2.wp.com\/www.idtingenieros.com\/wp-content\/uploads\/2022\/10\/Logo_renovado.png?fit=3988%2C2197&ssl=1\",\"width\":3988,\"height\":2197,\"caption\":\"IDT | HACEMOS PROYECTOS\"},\"image\":{\"@id\":\"https:\/\/www.idtingenieros.com\/#\/schema\/logo\/image\/\"}}]}<\/script>\n<!-- \/ Yoast SEO Premium plugin. -->","yoast_head_json":{"title":"Castellus | IDT | HACEMOS PROYECTOS","robots":{"index":"index","follow":"follow","max-snippet":"max-snippet:-1","max-image-preview":"max-image-preview:large","max-video-preview":"max-video-preview:-1"},"canonical":"https:\/\/www.idtingenieros.com\/en\/castelus\/","og_locale":"en_US","og_type":"article","og_title":"Castellus","og_description":"CASTELLUS (TERRA DE SAN MARINO) Planta Tipo de Servicio Alcance del Proyecto Amaga Ejecuci\u00f3n de Proyectos SUMINISTRO, FABRICACI\u00d3N Y MONTAJE DE TUBER\u00cdA Y DUCTOS PARA LA FASE DE HORNOS Y SECADERO EN EL MARCO DEL PROYECTO TERRAS DE SAN MARINO CASTELUS Amaga Ejecuci\u00f3n de Proyectos SUMINISTRO E INSTALACI\u00d3N DE AISLAMIENTO T\u00c9RMICO PARA TUBER\u00cdAS Y DUCTOS [&hellip;]","og_url":"https:\/\/www.idtingenieros.com\/en\/castelus\/","og_site_name":"IDT | HACEMOS PROYECTOS","article_publisher":"https:\/\/www.facebook.com\/profile.php?id=100083671231661","article_modified_time":"2022-10-24T22:13:34+00:00","og_image":[{"url":"http:\/\/www.idtingenieros.com\/wp-content\/uploads\/2022\/09\/CASTELLUS.jpeg"}],"twitter_card":"summary_large_image","twitter_misc":{"Est. reading time":"1 minute"},"schema":{"@context":"https:\/\/schema.org","@graph":[{"@type":"WebPage","@id":"https:\/\/www.idtingenieros.com\/castelus\/","url":"https:\/\/www.idtingenieros.com\/castelus\/","name":"Castellus | IDT | HACEMOS PROYECTOS","isPartOf":{"@id":"https:\/\/www.idtingenieros.com\/#website"},"datePublished":"2022-08-01T20:38:44+00:00","dateModified":"2022-10-24T22:13:34+00:00","breadcrumb":{"@id":"https:\/\/www.idtingenieros.com\/castelus\/#breadcrumb"},"inLanguage":"en-US","potentialAction":[{"@type":"ReadAction","target":["https:\/\/www.idtingenieros.com\/castelus\/"]}]},{"@type":"BreadcrumbList","@id":"https:\/\/www.idtingenieros.com\/castelus\/#breadcrumb","itemListElement":[{"@type":"ListItem","position":1,"name":"Portada","item":"https:\/\/www.idtingenieros.com\/"},{"@type":"ListItem","position":2,"name":"Castellus"}]},{"@type":"WebSite","@id":"https:\/\/www.idtingenieros.com\/#website","url":"https:\/\/www.idtingenieros.com\/","name":"IDT | HACEMOS PROYECTOS","description":"","publisher":{"@id":"https:\/\/www.idtingenieros.com\/#organization"},"potentialAction":[{"@type":"SearchAction","target":{"@type":"EntryPoint","urlTemplate":"https:\/\/www.idtingenieros.com\/?s={search_term_string}"},"query-input":"required name=search_term_string"}],"inLanguage":"en-US"},{"@type":"Organization","@id":"https:\/\/www.idtingenieros.com\/#organization","name":"IDT | HACEMOS PROYECTOS","url":"https:\/\/www.idtingenieros.com\/","sameAs":["https:\/\/www.instagram.com\/idt_ingenieros","https:\/\/www.facebook.com\/profile.php?id=100083671231661"],"logo":{"@type":"ImageObject","inLanguage":"en-US","@id":"https:\/\/www.idtingenieros.com\/#\/schema\/logo\/image\/","url":"https:\/\/i2.wp.com\/www.idtingenieros.com\/wp-content\/uploads\/2022\/10\/Logo_renovado.png?fit=3988%2C2197&ssl=1","contentUrl":"https:\/\/i2.wp.com\/www.idtingenieros.com\/wp-content\/uploads\/2022\/10\/Logo_renovado.png?fit=3988%2C2197&ssl=1","width":3988,"height":2197,"caption":"IDT | HACEMOS PROYECTOS"},"image":{"@id":"https:\/\/www.idtingenieros.com\/#\/schema\/logo\/image\/"}}]}},"_links":{"self":[{"href":"https:\/\/www.idtingenieros.com\/en\/wp-json\/wp\/v2\/pages\/3074"}],"collection":[{"href":"https:\/\/www.idtingenieros.com\/en\/wp-json\/wp\/v2\/pages"}],"about":[{"href":"https:\/\/www.idtingenieros.com\/en\/wp-json\/wp\/v2\/types\/page"}],"author":[{"embeddable":true,"href":"https:\/\/www.idtingenieros.com\/en\/wp-json\/wp\/v2\/users\/1"}],"replies":[{"embeddable":true,"href":"https:\/\/www.idtingenieros.com\/en\/wp-json\/wp\/v2\/comments?post=3074"}],"version-history":[{"count":19,"href":"https:\/\/www.idtingenieros.com\/en\/wp-json\/wp\/v2\/pages\/3074\/revisions"}],"predecessor-version":[{"id":3960,"href":"https:\/\/www.idtingenieros.com\/en\/wp-json\/wp\/v2\/pages\/3074\/revisions\/3960"}],"wp:attachment":[{"href":"https:\/\/www.idtingenieros.com\/en\/wp-json\/wp\/v2\/media?parent=3074"}],"curies":[{"name":"wp","href":"https:\/\/api.w.org\/{rel}","templated":true}]}}