{"id":3066,"date":"2022-08-01T15:30:53","date_gmt":"2022-08-01T20:30:53","guid":{"rendered":"http:\/\/www.idtingenieros.com\/?page_id=3066"},"modified":"2022-10-24T17:02:22","modified_gmt":"2022-10-24T22:02:22","slug":"procter-and-gamble-2","status":"publish","type":"page","link":"https:\/\/www.idtingenieros.com\/en\/procter-and-gamble-2\/","title":{"rendered":"Procter and Gamble"},"content":{"rendered":"<div data-elementor-type=\"wp-page\" data-elementor-id=\"3066\" class=\"elementor elementor-3066\">\n\t\t\t\t\t\t<div class=\"elementor-inner\">\n\t\t\t\t<div class=\"elementor-section-wrap\">\n\t\t\t\t\t\t\t\t\t<section class=\"has_ma_el_bg_slider elementor-section elementor-top-section elementor-element elementor-element-81b6d7f elementor-section-height-min-height elementor-section-boxed elementor-section-height-default elementor-section-items-middle jltma-glass-effect-no\" data-id=\"81b6d7f\" data-element_type=\"section\" data-settings=\"{&quot;background_background&quot;:&quot;classic&quot;}\">\n\t\t\t\t\t\t\t<div class=\"elementor-background-overlay\"><\/div>\n\t\t\t\t\t\t\t<div class=\"elementor-container elementor-column-gap-default\">\n\t\t\t\t\t\t\t<div class=\"elementor-row\">\n\t\t\t\t\t<div class=\"has_ma_el_bg_slider elementor-column elementor-col-100 elementor-top-column elementor-element elementor-element-35b2732 jltma-glass-effect-no\" data-id=\"35b2732\" data-element_type=\"column\">\n\t\t\t<div class=\"elementor-column-wrap\">\n\t\t\t\t\t\t\t<div class=\"elementor-widget-wrap\">\n\t\t\t\t\t\t\t\t<\/div>\n\t\t\t\t\t<\/div>\n\t\t<\/div>\n\t\t\t\t\t\t\t\t<\/div>\n\t\t\t\t\t<\/div>\n\t\t<\/section>\n\t\t\t\t<section class=\"has_ma_el_bg_slider elementor-section elementor-top-section elementor-element elementor-element-3b2fd1ca elementor-section-boxed elementor-section-height-default elementor-section-height-default jltma-glass-effect-no\" data-id=\"3b2fd1ca\" data-element_type=\"section\">\n\t\t\t\t\t\t<div class=\"elementor-container elementor-column-gap-default\">\n\t\t\t\t\t\t\t<div class=\"elementor-row\">\n\t\t\t\t\t<div class=\"has_ma_el_bg_slider elementor-column elementor-col-100 elementor-top-column elementor-element elementor-element-5b304484 jltma-glass-effect-no\" data-id=\"5b304484\" data-element_type=\"column\">\n\t\t\t<div class=\"elementor-column-wrap elementor-element-populated\">\n\t\t\t\t\t\t\t<div class=\"elementor-widget-wrap\">\n\t\t\t\t\t\t<div class=\"elementor-element elementor-element-78480f31 jltma-glass-effect-no elementor-widget elementor-widget-text-editor\" data-id=\"78480f31\" data-element_type=\"widget\" data-widget_type=\"text-editor.default\">\n\t\t\t\t<div class=\"elementor-widget-container\">\n\t\t\t\t\t\t\t\t<div class=\"elementor-text-editor elementor-clearfix\">\n\t\t\t\t<!-- wp:divi\/placeholder \/-->\t\t\t\t\t<\/div>\n\t\t\t\t\t\t<\/div>\n\t\t\t\t<\/div>\n\t\t\t\t\t\t<\/div>\n\t\t\t\t\t<\/div>\n\t\t<\/div>\n\t\t\t\t\t\t\t\t<\/div>\n\t\t\t\t\t<\/div>\n\t\t<\/section>\n\t\t\t\t<section class=\"has_ma_el_bg_slider elementor-section elementor-top-section elementor-element elementor-element-63a3c1f elementor-section-boxed elementor-section-height-default elementor-section-height-default jltma-glass-effect-no\" data-id=\"63a3c1f\" data-element_type=\"section\">\n\t\t\t\t\t\t<div class=\"elementor-container elementor-column-gap-default\">\n\t\t\t\t\t\t\t<div class=\"elementor-row\">\n\t\t\t\t\t<div class=\"has_ma_el_bg_slider elementor-column elementor-col-100 elementor-top-column elementor-element elementor-element-f1986d5 jltma-glass-effect-no\" data-id=\"f1986d5\" data-element_type=\"column\">\n\t\t\t<div class=\"elementor-column-wrap elementor-element-populated\">\n\t\t\t\t\t\t\t<div class=\"elementor-widget-wrap\">\n\t\t\t\t\t\t<div class=\"elementor-element elementor-element-98f3739 jltma-glass-effect-no elementor-widget elementor-widget-heading\" data-id=\"98f3739\" data-element_type=\"widget\" data-widget_type=\"heading.default\">\n\t\t\t\t<div class=\"elementor-widget-container\">\n\t\t\t<h2 class=\"elementor-heading-title elementor-size-default\">Procter and Gamble<\/h2>\t\t<\/div>\n\t\t\t\t<\/div>\n\t\t\t\t\t\t<\/div>\n\t\t\t\t\t<\/div>\n\t\t<\/div>\n\t\t\t\t\t\t\t\t<\/div>\n\t\t\t\t\t<\/div>\n\t\t<\/section>\n\t\t\t\t<section class=\"has_ma_el_bg_slider elementor-section elementor-top-section elementor-element elementor-element-44ad510 elementor-section-boxed elementor-section-height-default elementor-section-height-default jltma-glass-effect-no\" data-id=\"44ad510\" data-element_type=\"section\">\n\t\t\t\t\t\t<div class=\"elementor-container elementor-column-gap-default\">\n\t\t\t\t\t\t\t<div class=\"elementor-row\">\n\t\t\t\t\t<div class=\"has_ma_el_bg_slider elementor-column elementor-col-100 elementor-top-column elementor-element elementor-element-99f45a5 jltma-glass-effect-no\" data-id=\"99f45a5\" data-element_type=\"column\">\n\t\t\t<div class=\"elementor-column-wrap elementor-element-populated\">\n\t\t\t\t\t\t\t<div class=\"elementor-widget-wrap\">\n\t\t\t\t\t\t<div class=\"elementor-element elementor-element-c166872 premium-table-dir-ltr jltma-glass-effect-no elementor-widget elementor-widget-premium-tables-addon\" data-id=\"c166872\" data-element_type=\"widget\" data-settings=\"{&quot;premium_table_sort_mob&quot;:&quot;yes&quot;,&quot;premium_table_sort&quot;:&quot;yes&quot;,&quot;premium_table_search&quot;:&quot;yes&quot;}\" data-widget_type=\"premium-tables-addon.default\">\n\t\t\t\t<div class=\"elementor-widget-container\">\n\t\t\t\r\n\t\t<div class=\"premium-table-wrap\">\r\n\t\t\t<div class=\"premium-table-filter\">\r\n\t\t\t\t\t\t\t<div class=\"premium-table-search-wrap\">\r\n\t\t\t\t\t<input id=\"premium-table-search-field\" class=\"premium-table-search-field\" type=\"text\" placeholder=\"Quick Search\">\r\n\t\t\t\t<\/div>\r\n\t\t\t\t\t\t\t\t\t<\/div>\r\n\t\t\t<table class=\"premium-table premium-table-search premium-table-sort\" data-settings=\"{&quot;sort&quot;:true,&quot;sortMob&quot;:true,&quot;search&quot;:true,&quot;records&quot;:false,&quot;dataType&quot;:&quot;custom&quot;,&quot;csvFile&quot;:null,&quot;firstRow&quot;:null,&quot;separator&quot;:null,&quot;pagination&quot;:&quot;&quot;,&quot;rows&quot;:0}\" >\r\n\r\n\t\t\t\r\n\t\t<thead class=\"premium-table-head\">\r\n\r\n\t\t\t<tr class=\"premium-table-row\">\r\n\r\n\t\t\t\t<th class=\"premium-table-cell elementor-repeater-item-60fa9ab\"><span class=\"premium-table-text\"><span class=\"premium-table-inner\">Plant<\/span><span class=\"premium-table-sort-icon premium-icon-sort fa fa-sort\"><\/span><span class=\"premium-table-sort-icon premium-icon-sort-up fa fa-sort-up\"><\/span><span class=\"premium-table-sort-icon premium-icon-sort-down fa fa-sort-down\"><\/span><\/span><\/th><th class=\"premium-table-cell elementor-repeater-item-0df2187\"><span class=\"premium-table-text\"><span class=\"premium-table-inner\">Type of service<\/span><span class=\"premium-table-sort-icon premium-icon-sort fa fa-sort\"><\/span><span class=\"premium-table-sort-icon premium-icon-sort-up fa fa-sort-up\"><\/span><span class=\"premium-table-sort-icon premium-icon-sort-down fa fa-sort-down\"><\/span><\/span><\/th><th class=\"premium-table-cell elementor-repeater-item-096f18c\"><span class=\"premium-table-text\"><span class=\"premium-table-cell-icon-before\"><i class=\"fa fa-clone\"><\/i><\/span><span class=\"premium-table-inner\">Project Scope<\/span><span class=\"premium-table-sort-icon premium-icon-sort fa fa-sort\"><\/span><span class=\"premium-table-sort-icon premium-icon-sort-up fa fa-sort-up\"><\/span><span class=\"premium-table-sort-icon premium-icon-sort-down fa fa-sort-down\"><\/span><\/span><\/th>\r\n\t\t\t<\/tr>\r\n\r\n\t\t<\/thead>\r\n\r\n\t\t\t\t<tbody class=\"premium-table-body\">\r\n\t\t\t\t\t\t<tr class=\"premium-table-row elementor-repeater-item-cd45dae\"><td class=\"premium-table-cell elementor-repeater-item-89e4871\" id=\"89e4871\"><span class=\"premium-table-text\"><span class=\"premium-table-cell-icon-before premium-table-cell-icon-before\"><i class=\"fa fa-clone\"><\/i><\/span><span class=\"premium-table-inner\">Medell\u00edn<\/span><\/span><\/span><\/td><td class=\"premium-table-cell elementor-repeater-item-8f577a9\" id=\"8f577a9\"><span class=\"premium-table-text\"><span class=\"premium-table-inner\">Project Execution <\/span><\/span><\/span><\/td><td class=\"premium-table-cell elementor-repeater-item-f118cb2\" id=\"f118cb2\"><span class=\"premium-table-text\"><span class=\"premium-table-cell-icon-before\"><div class=\"premium-table-body-lottie premium-lottie-animation\" data-lottie-url=\"https:\/\/assets2.lottiefiles.com\/packages\/lf20_vbp9ptkb.json\" data-lottie-loop=\"true\" data-lottie-reverse=\"\"><\/div><\/span><span class=\"premium-table-inner\">MECHANICAL\/PNEUMATIC INSTALLATION OF LIQUITINT SYSTEM AT P&amp;G MEDELL\u00cdN PLANT<\/span><\/span><\/span><\/td><\/tr><tr class=\"premium-table-row elementor-repeater-item-d4bfea4\"><td class=\"premium-table-cell elementor-repeater-item-a267e39\" id=\"a267e39\"><span class=\"premium-table-text\"><span class=\"premium-table-inner\">Medell\u00edn<\/span><\/span><\/span><\/td><td class=\"premium-table-cell elementor-repeater-item-4ce69bd\" id=\"4ce69bd\"><span class=\"premium-table-text\"><span class=\"premium-table-inner\">Project Execution <\/span><\/span><\/span><\/td><td class=\"premium-table-cell elementor-repeater-item-e3812fd\" id=\"e3812fd\"><span class=\"premium-table-text\"><span class=\"premium-table-cell-icon-before\"><div class=\"premium-table-body-lottie premium-lottie-animation\" data-lottie-url=\"https:\/\/assets2.lottiefiles.com\/packages\/lf20_vbp9ptkb.json\" data-lottie-loop=\"true\" data-lottie-reverse=\"true\"><\/div><\/span><span class=\"premium-table-inner\">CIVIL ADAPTATION OF THE COMPRESSOR AREA, REGARDING THE DEVELOPMENT OF THE PROJECT AT THE PROCTER &amp; GAMBLE INDUSTRIAL COLOMBIA LTDA MEDELL\u00cdN PLANT.<\/span><\/span><\/span><\/td><\/tr><tr class=\"premium-table-row elementor-repeater-item-fbdc335\"><td class=\"premium-table-cell elementor-repeater-item-591328e\" id=\"591328e\"><span class=\"premium-table-text\"><span class=\"premium-table-inner\">Medell\u00edn<\/span><\/span><\/span><\/td><td class=\"premium-table-cell elementor-repeater-item-8048c00\" id=\"8048c00\"><span class=\"premium-table-text\"><span class=\"premium-table-inner\">Project Execution<\/span><\/span><\/span><\/td><td class=\"premium-table-cell elementor-repeater-item-55f21b1\" id=\"55f21b1\"><span class=\"premium-table-text\"><span class=\"premium-table-cell-icon-before\"><div class=\"premium-table-body-lottie premium-lottie-animation\" data-lottie-url=\"https:\/\/assets2.lottiefiles.com\/packages\/lf20_vbp9ptkb.json\" data-lottie-loop=\"true\" data-lottie-reverse=\"\"><\/div><\/span><span class=\"premium-table-inner\">MANUFACTURING, PAINTING, SUPPLY AND ASSEMBLY SERVICES OF THE STRUCTURAL REINFORCEMENT OF THE DETERGENT TOWER FOR SEISMIC LOADS \u2013 PHASE 2, AT THE PLANT OF PROCTER &amp; GAMBLE INDUSTRIAL COLOMBIA LTDA. FROM THE CITY OF MEDELLIN.<\/span><\/span><\/span><\/td><\/tr><tr class=\"premium-table-row elementor-repeater-item-855acca\"><td class=\"premium-table-cell elementor-repeater-item-486df73\" id=\"486df73\"><span class=\"premium-table-text\"><span class=\"premium-table-inner\">Medell\u00edn<\/span><\/span><\/span><\/td><td class=\"premium-table-cell elementor-repeater-item-ceb3900\" id=\"ceb3900\"><span class=\"premium-table-text\"><span class=\"premium-table-inner\">Project Execution<\/span><\/span><\/span><\/td><td class=\"premium-table-cell elementor-repeater-item-0578090\" id=\"0578090\"><span class=\"premium-table-text\"><span class=\"premium-table-cell-icon-before\"><div class=\"premium-table-body-lottie premium-lottie-animation\" data-lottie-url=\"https:\/\/assets2.lottiefiles.com\/packages\/lf20_vbp9ptkb.json\" data-lottie-loop=\"true\" data-lottie-reverse=\"\"><\/div><\/span><span class=\"premium-table-inner\">PLATFORM TO LOCATE THE NEW PUMP TO FEED AND KEEP THE FIRE-FIGHTING NETWORK PRESSURIZED<\/span><\/span><\/span><\/td><\/tr><tr class=\"premium-table-row elementor-repeater-item-3a1a159\"><td class=\"premium-table-cell elementor-repeater-item-ce86b2f\" id=\"ce86b2f\"><span class=\"premium-table-text\"><span class=\"premium-table-inner\">Medell\u00edn<\/span><\/span><\/span><\/td><td class=\"premium-table-cell elementor-repeater-item-fe76ec1\" id=\"fe76ec1\"><span class=\"premium-table-text\"><span class=\"premium-table-inner\">Project Execution<\/span><\/span><\/span><\/td><td class=\"premium-table-cell elementor-repeater-item-e67adfa\" id=\"e67adfa\"><span class=\"premium-table-text\"><span class=\"premium-table-cell-icon-before\"><div class=\"premium-table-body-lottie premium-lottie-animation\" data-lottie-url=\"https:\/\/assets2.lottiefiles.com\/packages\/lf20_vbp9ptkb.json\" data-lottie-loop=\"true\" data-lottie-reverse=\"\"><\/div><\/span><span class=\"premium-table-inner\">MECHANICAL\/PNEUMATIC INSTALLATION OF LIQUITINT SYSTEM AT P&amp;G MEDELL\u00cdN PLANT. <\/span><\/span><\/span><\/td><\/tr><tr class=\"premium-table-row elementor-repeater-item-cc19eda\"><td class=\"premium-table-cell elementor-repeater-item-cc495a2\" id=\"cc495a2\"><span class=\"premium-table-text\"><span class=\"premium-table-inner\">Medell\u00edn<\/span><\/span><\/span><\/td><td class=\"premium-table-cell elementor-repeater-item-989f8a8\" id=\"989f8a8\"><span class=\"premium-table-text\"><span class=\"premium-table-inner\">Project Execution<\/span><\/span><\/span><\/td><td class=\"premium-table-cell elementor-repeater-item-155f907\" id=\"155f907\"><span class=\"premium-table-text\"><span class=\"premium-table-inner\">CIVIL ADAPTATION OF THE COMPRESSOR AREA, REGARDING THE DEVELOPMENT OF THE PROJECT AT THE PROCTER &amp; GAMBLE INDUSTRIAL COLOMBIA LTDA MEDELL\u00cdN PLANT.<\/span><\/span><\/span><\/td><\/tr><tr class=\"premium-table-row elementor-repeater-item-9e94d59\"><td class=\"premium-table-cell elementor-repeater-item-802d98c\" id=\"802d98c\"><span class=\"premium-table-text\"><span class=\"premium-table-inner\">Medell\u00edn<\/span><\/span><\/span><\/td><td class=\"premium-table-cell elementor-repeater-item-ba5506f\" id=\"ba5506f\"><span class=\"premium-table-text\"><span class=\"premium-table-inner\">Project Execution<\/span><\/span><\/span><\/td><td class=\"premium-table-cell elementor-repeater-item-79dbc8f\" id=\"79dbc8f\"><span class=\"premium-table-text\"><span class=\"premium-table-cell-icon-before\"><div class=\"premium-table-body-lottie premium-lottie-animation\" data-lottie-url=\"https:\/\/assets2.lottiefiles.com\/packages\/lf20_vbp9ptkb.json\" data-lottie-loop=\"true\" data-lottie-reverse=\"\"><\/div><\/span><span class=\"premium-table-inner\">CONSTRUCTION OF A PLATFORM TO LOCATE THE NEW PUMP TO FEED AND KEEP THE FIRE PROTECTION NETWORK PRESSURIZED FOR THE FIRE PROTECTION PUMP PROJECT AT THE PROCTER &amp; GAMBLE MEDELL\u00cdN PLANT. <\/span><\/span><\/span><\/td><\/tr><tr class=\"premium-table-row elementor-repeater-item-9a487f2\"><td class=\"premium-table-cell elementor-repeater-item-673bd48\" id=\"673bd48\"><span class=\"premium-table-text\"><span class=\"premium-table-inner\">Medell\u00edn<\/span><\/span><\/span><\/td><td class=\"premium-table-cell elementor-repeater-item-9677194\" id=\"9677194\"><span class=\"premium-table-text\"><span class=\"premium-table-inner\">Project Execution<\/span><\/span><\/span><\/td><td class=\"premium-table-cell elementor-repeater-item-9d5afbb\" id=\"9d5afbb\"><span class=\"premium-table-text\"><span class=\"premium-table-cell-icon-before\"><div class=\"premium-table-body-lottie premium-lottie-animation\" data-lottie-url=\"https:\/\/assets2.lottiefiles.com\/packages\/lf20_vbp9ptkb.json\" data-lottie-loop=\"true\" data-lottie-reverse=\"\"><\/div><\/span><span class=\"premium-table-inner\">ADDITIONAL SUPPORT MOUNTING ON FOURTH FLOOR DETERGENT TOWER<\/span><\/span><\/span><\/td>\t\t\t<\/tr>\r\n\t\t<\/tbody>\r\n\r\n\t\t\r\n\t\t\t<\/table>\r\n\t\t<\/div>\r\n\t\t\t\t<\/div>\n\t\t\t\t<\/div>\n\t\t\t\t\t\t<\/div>\n\t\t\t\t\t<\/div>\n\t\t<\/div>\n\t\t\t\t\t\t\t\t<\/div>\n\t\t\t\t\t<\/div>\n\t\t<\/section>\n\t\t\t\t\t\t\t\t\t<\/div>\n\t\t\t<\/div>\n\t\t\t\t\t<\/div>","protected":false},"excerpt":{"rendered":"<p>Procter and Gamble Planta Tipo de Servicio Alcance del Proyecto Medell\u00edn Ejecuci\u00f3n de Proyectos INSTALACI\u00d3N MEC\u00c1NICA\/NEUM\u00c1TICA DEL SISTEMA DE LIQUITINT EN P&amp;G PLANTA MEDELL\u00cdN Medell\u00edn Ejecuci\u00f3n de Proyectos ADECUACI\u00d3N CIVIL DE ZONA DE COMPRESORES, EN LO REFERENTE AL DESARROLLO DEL PROYECTO EN LA PLANTA DE PROCTER &amp; GAMBLE INDUSTRIAL COLOMBIA LTDA MEDELL\u00cdN. Medell\u00edn Ejecuci\u00f3n de [&hellip;]<\/p>","protected":false},"author":1,"featured_media":0,"parent":0,"menu_order":0,"comment_status":"closed","ping_status":"closed","template":"elementor_header_footer","meta":[],"yoast_head":"<!-- This site is optimized with the Yoast SEO Premium plugin v19.3 (Yoast SEO v19.7) - https:\/\/yoast.com\/wordpress\/plugins\/seo\/ -->\n<title>Procter and Gamble | IDT | HACEMOS PROYECTOS<\/title>\n<meta name=\"robots\" content=\"index, follow, max-snippet:-1, max-image-preview:large, max-video-preview:-1\" \/>\n<link rel=\"canonical\" href=\"https:\/\/www.idtingenieros.com\/en\/procter-and-gamble-2\/\" \/>\n<meta property=\"og:locale\" content=\"en_US\" \/>\n<meta property=\"og:type\" content=\"article\" \/>\n<meta property=\"og:title\" content=\"Procter and Gamble\" \/>\n<meta property=\"og:description\" content=\"Procter and Gamble Planta Tipo de Servicio Alcance del Proyecto Medell\u00edn Ejecuci\u00f3n de Proyectos INSTALACI\u00d3N MEC\u00c1NICA\/NEUM\u00c1TICA DEL SISTEMA DE LIQUITINT EN P&amp;G PLANTA MEDELL\u00cdN Medell\u00edn Ejecuci\u00f3n de Proyectos ADECUACI\u00d3N CIVIL DE ZONA DE COMPRESORES, EN LO REFERENTE AL DESARROLLO DEL PROYECTO EN LA PLANTA DE PROCTER &amp; GAMBLE INDUSTRIAL COLOMBIA LTDA MEDELL\u00cdN. Medell\u00edn Ejecuci\u00f3n de [&hellip;]\" \/>\n<meta property=\"og:url\" content=\"https:\/\/www.idtingenieros.com\/en\/procter-and-gamble-2\/\" \/>\n<meta property=\"og:site_name\" content=\"IDT | HACEMOS PROYECTOS\" \/>\n<meta property=\"article:publisher\" content=\"https:\/\/www.facebook.com\/profile.php?id=100083671231661\" \/>\n<meta property=\"article:modified_time\" content=\"2022-10-24T22:02:22+00:00\" \/>\n<meta name=\"twitter:card\" content=\"summary_large_image\" \/>\n<meta name=\"twitter:label1\" content=\"Est. reading time\" \/>\n\t<meta name=\"twitter:data1\" content=\"1 minute\" \/>\n<script type=\"application\/ld+json\" class=\"yoast-schema-graph\">{\"@context\":\"https:\/\/schema.org\",\"@graph\":[{\"@type\":\"WebPage\",\"@id\":\"https:\/\/www.idtingenieros.com\/procter-and-gamble-2\/\",\"url\":\"https:\/\/www.idtingenieros.com\/procter-and-gamble-2\/\",\"name\":\"Procter and Gamble | IDT | HACEMOS PROYECTOS\",\"isPartOf\":{\"@id\":\"https:\/\/www.idtingenieros.com\/#website\"},\"datePublished\":\"2022-08-01T20:30:53+00:00\",\"dateModified\":\"2022-10-24T22:02:22+00:00\",\"breadcrumb\":{\"@id\":\"https:\/\/www.idtingenieros.com\/procter-and-gamble-2\/#breadcrumb\"},\"inLanguage\":\"en-US\",\"potentialAction\":[{\"@type\":\"ReadAction\",\"target\":[\"https:\/\/www.idtingenieros.com\/procter-and-gamble-2\/\"]}]},{\"@type\":\"BreadcrumbList\",\"@id\":\"https:\/\/www.idtingenieros.com\/procter-and-gamble-2\/#breadcrumb\",\"itemListElement\":[{\"@type\":\"ListItem\",\"position\":1,\"name\":\"Portada\",\"item\":\"https:\/\/www.idtingenieros.com\/\"},{\"@type\":\"ListItem\",\"position\":2,\"name\":\"Procter and Gamble\"}]},{\"@type\":\"WebSite\",\"@id\":\"https:\/\/www.idtingenieros.com\/#website\",\"url\":\"https:\/\/www.idtingenieros.com\/\",\"name\":\"IDT | HACEMOS PROYECTOS\",\"description\":\"\",\"publisher\":{\"@id\":\"https:\/\/www.idtingenieros.com\/#organization\"},\"potentialAction\":[{\"@type\":\"SearchAction\",\"target\":{\"@type\":\"EntryPoint\",\"urlTemplate\":\"https:\/\/www.idtingenieros.com\/?s={search_term_string}\"},\"query-input\":\"required name=search_term_string\"}],\"inLanguage\":\"en-US\"},{\"@type\":\"Organization\",\"@id\":\"https:\/\/www.idtingenieros.com\/#organization\",\"name\":\"IDT | HACEMOS PROYECTOS\",\"url\":\"https:\/\/www.idtingenieros.com\/\",\"sameAs\":[\"https:\/\/www.instagram.com\/idt_ingenieros\",\"https:\/\/www.facebook.com\/profile.php?id=100083671231661\"],\"logo\":{\"@type\":\"ImageObject\",\"inLanguage\":\"en-US\",\"@id\":\"https:\/\/www.idtingenieros.com\/#\/schema\/logo\/image\/\",\"url\":\"https:\/\/i2.wp.com\/www.idtingenieros.com\/wp-content\/uploads\/2022\/10\/Logo_renovado.png?fit=3988%2C2197&ssl=1\",\"contentUrl\":\"https:\/\/i2.wp.com\/www.idtingenieros.com\/wp-content\/uploads\/2022\/10\/Logo_renovado.png?fit=3988%2C2197&ssl=1\",\"width\":3988,\"height\":2197,\"caption\":\"IDT | HACEMOS PROYECTOS\"},\"image\":{\"@id\":\"https:\/\/www.idtingenieros.com\/#\/schema\/logo\/image\/\"}}]}<\/script>\n<!-- \/ Yoast SEO Premium plugin. -->","yoast_head_json":{"title":"Procter and Gamble | IDT | HACEMOS PROYECTOS","robots":{"index":"index","follow":"follow","max-snippet":"max-snippet:-1","max-image-preview":"max-image-preview:large","max-video-preview":"max-video-preview:-1"},"canonical":"https:\/\/www.idtingenieros.com\/en\/procter-and-gamble-2\/","og_locale":"en_US","og_type":"article","og_title":"Procter and Gamble","og_description":"Procter and Gamble Planta Tipo de Servicio Alcance del Proyecto Medell\u00edn Ejecuci\u00f3n de Proyectos INSTALACI\u00d3N MEC\u00c1NICA\/NEUM\u00c1TICA DEL SISTEMA DE LIQUITINT EN P&amp;G PLANTA MEDELL\u00cdN Medell\u00edn Ejecuci\u00f3n de Proyectos ADECUACI\u00d3N CIVIL DE ZONA DE COMPRESORES, EN LO REFERENTE AL DESARROLLO DEL PROYECTO EN LA PLANTA DE PROCTER &amp; GAMBLE INDUSTRIAL COLOMBIA LTDA MEDELL\u00cdN. Medell\u00edn Ejecuci\u00f3n de [&hellip;]","og_url":"https:\/\/www.idtingenieros.com\/en\/procter-and-gamble-2\/","og_site_name":"IDT | HACEMOS PROYECTOS","article_publisher":"https:\/\/www.facebook.com\/profile.php?id=100083671231661","article_modified_time":"2022-10-24T22:02:22+00:00","twitter_card":"summary_large_image","twitter_misc":{"Est. reading time":"1 minute"},"schema":{"@context":"https:\/\/schema.org","@graph":[{"@type":"WebPage","@id":"https:\/\/www.idtingenieros.com\/procter-and-gamble-2\/","url":"https:\/\/www.idtingenieros.com\/procter-and-gamble-2\/","name":"Procter and Gamble | IDT | HACEMOS PROYECTOS","isPartOf":{"@id":"https:\/\/www.idtingenieros.com\/#website"},"datePublished":"2022-08-01T20:30:53+00:00","dateModified":"2022-10-24T22:02:22+00:00","breadcrumb":{"@id":"https:\/\/www.idtingenieros.com\/procter-and-gamble-2\/#breadcrumb"},"inLanguage":"en-US","potentialAction":[{"@type":"ReadAction","target":["https:\/\/www.idtingenieros.com\/procter-and-gamble-2\/"]}]},{"@type":"BreadcrumbList","@id":"https:\/\/www.idtingenieros.com\/procter-and-gamble-2\/#breadcrumb","itemListElement":[{"@type":"ListItem","position":1,"name":"Portada","item":"https:\/\/www.idtingenieros.com\/"},{"@type":"ListItem","position":2,"name":"Procter and Gamble"}]},{"@type":"WebSite","@id":"https:\/\/www.idtingenieros.com\/#website","url":"https:\/\/www.idtingenieros.com\/","name":"IDT | HACEMOS PROYECTOS","description":"","publisher":{"@id":"https:\/\/www.idtingenieros.com\/#organization"},"potentialAction":[{"@type":"SearchAction","target":{"@type":"EntryPoint","urlTemplate":"https:\/\/www.idtingenieros.com\/?s={search_term_string}"},"query-input":"required name=search_term_string"}],"inLanguage":"en-US"},{"@type":"Organization","@id":"https:\/\/www.idtingenieros.com\/#organization","name":"IDT | HACEMOS PROYECTOS","url":"https:\/\/www.idtingenieros.com\/","sameAs":["https:\/\/www.instagram.com\/idt_ingenieros","https:\/\/www.facebook.com\/profile.php?id=100083671231661"],"logo":{"@type":"ImageObject","inLanguage":"en-US","@id":"https:\/\/www.idtingenieros.com\/#\/schema\/logo\/image\/","url":"https:\/\/i2.wp.com\/www.idtingenieros.com\/wp-content\/uploads\/2022\/10\/Logo_renovado.png?fit=3988%2C2197&ssl=1","contentUrl":"https:\/\/i2.wp.com\/www.idtingenieros.com\/wp-content\/uploads\/2022\/10\/Logo_renovado.png?fit=3988%2C2197&ssl=1","width":3988,"height":2197,"caption":"IDT | HACEMOS PROYECTOS"},"image":{"@id":"https:\/\/www.idtingenieros.com\/#\/schema\/logo\/image\/"}}]}},"_links":{"self":[{"href":"https:\/\/www.idtingenieros.com\/en\/wp-json\/wp\/v2\/pages\/3066"}],"collection":[{"href":"https:\/\/www.idtingenieros.com\/en\/wp-json\/wp\/v2\/pages"}],"about":[{"href":"https:\/\/www.idtingenieros.com\/en\/wp-json\/wp\/v2\/types\/page"}],"author":[{"embeddable":true,"href":"https:\/\/www.idtingenieros.com\/en\/wp-json\/wp\/v2\/users\/1"}],"replies":[{"embeddable":true,"href":"https:\/\/www.idtingenieros.com\/en\/wp-json\/wp\/v2\/comments?post=3066"}],"version-history":[{"count":19,"href":"https:\/\/www.idtingenieros.com\/en\/wp-json\/wp\/v2\/pages\/3066\/revisions"}],"predecessor-version":[{"id":3939,"href":"https:\/\/www.idtingenieros.com\/en\/wp-json\/wp\/v2\/pages\/3066\/revisions\/3939"}],"wp:attachment":[{"href":"https:\/\/www.idtingenieros.com\/en\/wp-json\/wp\/v2\/media?parent=3066"}],"curies":[{"name":"wp","href":"https:\/\/api.w.org\/{rel}","templated":true}]}}